{"id":5352,"date":"2021-02-18T10:37:39","date_gmt":"2021-02-18T10:37:39","guid":{"rendered":"https:\/\/kanela.net\/producto\/4-seater-pedal-boat-rental\/"},"modified":"2024-02-09T12:45:56","modified_gmt":"2024-02-09T12:45:56","slug":"4-seater-pedal-boat-rental","status":"publish","type":"product","link":"https:\/\/kanela.net\/en\/producto\/4-seater-pedal-boat-rental\/","title":{"rendered":"4-seater pedal boat rental"},"content":{"rendered":"<p>INSTRUCCIONES DE RESERVA:<\/p>\n<p>Cont\u00e1ctenos para comprobar nuestra disponibilidad.<br \/>\nIsla Canela \u2013 0034 673 418 222 \/ Punta del Moral -0034 673 415 110<br \/>\nElija del men\u00fa desplegable \u201ctiempo\u201d que desee alquilar.<br \/>\nElija la sede donde realizar\u00e1 la actividad.<br \/>\nA\u00f1ada el n\u00famero de embarcaciones que desee alquilar. (Por defecto est\u00e1 en 1)<br \/>\nclick en \u201ca\u00f1adir al carrito\u201d<br \/>\nVaya al carrito para finalizar* su compra o siga comprando<\/p>\n<p>*Si no desea pagar la totalidad de la actividad ahora y desea solamente reservar (20%):<\/p>\n<p>cuando llegue al carrito use el cup\u00f3n \u201creserva\u201d (20%). El 80% restante lo debe pagar en nuestra sede antes de realizar la actividad, mediante efectivo o pago con tarjeta.<\/p>\n","protected":false},"excerpt":{"rendered":"<p>Read carefully the purchase \/ reservation instructions in the &#8220;description&#8221; section.<\/p>\n","protected":false},"featured_media":3945,"template":"","meta":{"_acf_changed":false},"product_brand":[],"product_cat":[155],"product_tag":[184],"class_list":{"0":"post-5352","1":"product","2":"type-product","3":"status-publish","4":"has-post-thumbnail","6":"product_cat-rent","7":"product_tag-alquiler-en","8":"clearfix","9":"hentry","11":"first","12":"instock","13":"shipping-taxable","14":"product-type-variable"},"acf":[],"aioseo_notices":[],"jetpack_sharing_enabled":true,"_links":{"self":[{"href":"https:\/\/kanela.net\/en\/wp-json\/wp\/v2\/product\/5352","targetHints":{"allow":["GET"]}}],"collection":[{"href":"https:\/\/kanela.net\/en\/wp-json\/wp\/v2\/product"}],"about":[{"href":"https:\/\/kanela.net\/en\/wp-json\/wp\/v2\/types\/product"}],"wp:featuredmedia":[{"embeddable":true,"href":"https:\/\/kanela.net\/en\/wp-json\/wp\/v2\/media\/3945"}],"wp:attachment":[{"href":"https:\/\/kanela.net\/en\/wp-json\/wp\/v2\/media?parent=5352"}],"wp:term":[{"taxonomy":"product_brand","embeddable":true,"href":"https:\/\/kanela.net\/en\/wp-json\/wp\/v2\/product_brand?post=5352"},{"taxonomy":"product_cat","embeddable":true,"href":"https:\/\/kanela.net\/en\/wp-json\/wp\/v2\/product_cat?post=5352"},{"taxonomy":"product_tag","embeddable":true,"href":"https:\/\/kanela.net\/en\/wp-json\/wp\/v2\/product_tag?post=5352"}],"curies":[{"name":"wp","href":"https:\/\/api.w.org\/{rel}","templated":true}]}}