{"id":5302,"date":"2021-02-19T11:52:26","date_gmt":"2021-02-19T11:52:26","guid":{"rendered":"https:\/\/kanela.net\/producto\/kayak-and-or-paddle-surf-trips\/"},"modified":"2024-02-02T08:47:52","modified_gmt":"2024-02-02T08:47:52","slug":"kayak-and-or-paddle-surf-trips","status":"publish","type":"product","link":"https:\/\/kanela.net\/en\/producto\/kayak-and-or-paddle-surf-trips\/","title":{"rendered":"Kayak and \/ or paddle surf trips (predefined)"},"content":{"rendered":"<div id=\"pg-1725-1\" class=\"panel-grid panel-no-style\">\n<div id=\"pgc-1725-1-0\" class=\"panel-grid-cell\">\n<div id=\"panel-1725-1-0-0\" class=\"so-panel widget widget_sow-editor panel-first-child panel-last-child\" data-index=\"1\">\n<div class=\"so-widget-sow-editor so-widget-sow-editor-base\">\n<div class=\"siteorigin-widget-tinymce textwidget\">\n<p>BOOKING INSTRUCTIONS:<br \/>\nContact us to check our availability.<br \/>\nIsla Canela &#8211; 0034 673 418 222 \/ Punta del Moral -0034 673 415 110<br \/>\nChoose the route you want to take from the \u201croutes\u201d drop-down menu.<br \/>\nChoose the venue where the activity will take place.<br \/>\nAdd the number of people. (Default is 1)<br \/>\nclick on &#8220;add to cart&#8221;<br \/>\nGo to the cart to finalize * your purchase or continue shopping<\/p>\n<p>&nbsp;<\/p>\n<p>* If you do not want to pay for the entire activity now and only want to reserve (20%):<\/p>\n<p>when you get to the cart use the coupon &#8220;RESERVA&#8221; (20%). The remaining 80% must be paid at our headquarters before carrying out the activity, by cash or card payment.<\/p>\n<p>&nbsp;<\/p>\n<p>Click here if you want to see all the information regarding the crossings.<\/p>\n<p><a href=\"https:\/\/kanela.net\/travesias\/travesia-kayak-y-paddle-surf\/\">Haga click en aqu\u00ed si desea visualizar toda la informaci\u00f3n respecto a las traves\u00edas.<\/a><\/p>\n<\/div>\n<\/div>\n<\/div>\n<\/div>\n<\/div>\n","protected":false},"excerpt":{"rendered":"<p>Read carefully the purchase \/ reservation instructions in the &#8220;description&#8221; section.<\/p>\n","protected":false},"featured_media":3665,"template":"","meta":{"_acf_changed":false},"product_brand":[],"product_cat":[183],"product_tag":[221,219,187],"class_list":{"0":"post-5302","1":"product","2":"type-product","3":"status-publish","4":"has-post-thumbnail","6":"product_cat-crossings-routes","7":"product_tag-crossing","8":"product_tag-kayak-en","9":"product_tag-paddle-surf-en","10":"clearfix","11":"hentry","13":"first","14":"instock","15":"shipping-taxable","16":"purchasable","17":"product-type-variable"},"acf":[],"aioseo_notices":[],"jetpack_sharing_enabled":true,"_links":{"self":[{"href":"https:\/\/kanela.net\/en\/wp-json\/wp\/v2\/product\/5302","targetHints":{"allow":["GET"]}}],"collection":[{"href":"https:\/\/kanela.net\/en\/wp-json\/wp\/v2\/product"}],"about":[{"href":"https:\/\/kanela.net\/en\/wp-json\/wp\/v2\/types\/product"}],"wp:featuredmedia":[{"embeddable":true,"href":"https:\/\/kanela.net\/en\/wp-json\/wp\/v2\/media\/3665"}],"wp:attachment":[{"href":"https:\/\/kanela.net\/en\/wp-json\/wp\/v2\/media?parent=5302"}],"wp:term":[{"taxonomy":"product_brand","embeddable":true,"href":"https:\/\/kanela.net\/en\/wp-json\/wp\/v2\/product_brand?post=5302"},{"taxonomy":"product_cat","embeddable":true,"href":"https:\/\/kanela.net\/en\/wp-json\/wp\/v2\/product_cat?post=5302"},{"taxonomy":"product_tag","embeddable":true,"href":"https:\/\/kanela.net\/en\/wp-json\/wp\/v2\/product_tag?post=5302"}],"curies":[{"name":"wp","href":"https:\/\/api.w.org\/{rel}","templated":true}]}}