{"id":2268,"date":"2017-03-31T12:15:23","date_gmt":"2017-03-31T12:15:23","guid":{"rendered":"http:\/\/kanela.net\/cursos\/curso-kite-surf\/"},"modified":"2020-01-23T12:57:26","modified_gmt":"2020-01-23T12:57:26","slug":"course-kite-surf","status":"publish","type":"page","link":"https:\/\/kanela.net\/en\/cursos\/course-kite-surf\/","title":{"rendered":"KITESURF INITIATION COURSE"},"content":{"rendered":"<div id=\"pl-2268\"  class=\"panel-layout\" ><div id=\"pg-2268-0\"  class=\"panel-grid panel-no-style\" ><div id=\"pgc-2268-0-0\"  class=\"panel-grid-cell\" ><div id=\"panel-2268-0-0-0\" class=\"so-panel widget widget_sow-editor panel-first-child\" data-index=\"0\" ><div\n\t\t\t\n\t\t\tclass=\"so-widget-sow-editor so-widget-sow-editor-base\"\n\t\t\t\n\t\t><h3 class=\"widget-title\"><span class=\"widget-title__inline\">CURSO DE KITESURF<\/span><\/h3>\n<div class=\"siteorigin-widget-tinymce textwidget\">\n\t<p>El Kite-surf en una modalidad de navegaci\u00f3n que consiste en desplazarse en una tabla de tama\u00f1o reducido con la ayuda de una cometa. Isla Canela posiblemente sea el mejor lugar de Espa\u00f1a para aprenderlo y practicarlo, gracias a las islas de arena, las grandes extensiones de aguas poco profundas y la brisa t\u00e9rmica constante que entra por las tardes. Durante los meses de verano te llevamos a dar los cursos en una neum\u00e1tica a las islas de arena que se forman frente a la playa, alejados de ba\u00f1istas, paseantes y resto de navegantes: Un lugar id\u00edlico para aprender !!!<\/p>\n<p>El curso de Kite surf tiene una <strong>duraci\u00f3n<\/strong> de 8 horas repartidas en 2 o 3 sesiones, seg\u00fan las condiciones .\u00a0 Generalmente el viento sube por la tarde, por lo que se suele quedar entre las 14:00 y las 16:00 para iniciar el curso y hacer sesiones de 3 o 4 horas. El \u00fanico <strong>requisito<\/strong> es tener m\u00e1s de 10 a\u00f1os (o pesar +30 kg) y nadar con soltura. Durante el curso la escuela pondr\u00e1 todo el <strong>material<\/strong>: kite, tabla, neopreno, arn\u00e9s y salvavidas.<\/p>\n<\/div>\n<\/div><\/div><div id=\"panel-2268-0-0-1\" class=\"so-panel widget widget_sow-editor\" data-index=\"1\" ><div class=\"featured-widget panel-widget-style panel-widget-style-for-2268-0-0-1\" ><div\n\t\t\t\n\t\t\tclass=\"so-widget-sow-editor so-widget-sow-editor-base\"\n\t\t\t\n\t\t><h3 class=\"widget-title\"><span class=\"widget-title__inline\">OPCIONES DE CURSO<\/span><\/h3>\n<div class=\"siteorigin-widget-tinymce textwidget\">\n\t<p><strong>GRUPO<\/strong>: Se hace en grupos de 3 o 4 alumnos, dos alumnos m\u00e1ximo por kite y un solo monitor. Generalmente el grupo debe venir definido para escoger esta opci\u00f3n.<\/p>\n<p><strong>SEMIPRIVADO<\/strong>: Esta es la opci\u00f3n habitual . El ratio es de dos personas por kite y m\u00e1ximo dos alumnos por monitor.<\/p>\n<p><strong>PRIVADO<\/strong>: El ratio es de 1 alumno por monitor y kite.<\/p>\n<p>La calidad de ense\u00f1anza es la misma en las tres opciones.<\/p>\n<\/div>\n<\/div><\/div><\/div><div id=\"panel-2268-0-0-2\" class=\"so-panel widget widget_sow-editor panel-last-child\" data-index=\"2\" ><div class=\"featured-widget panel-widget-style panel-widget-style-for-2268-0-0-2\" ><div\n\t\t\t\n\t\t\tclass=\"so-widget-sow-editor so-widget-sow-editor-base\"\n\t\t\t\n\t\t><h3 class=\"widget-title\"><span class=\"widget-title__inline\">NIVELES<\/span><\/h3>\n<div class=\"siteorigin-widget-tinymce textwidget\">\n\t<p>Durante todo el desarrollo del curso el nivel lo marca el alumno, intentando avanzar lo m\u00e1s r\u00e1pido posible. Una vez finalizado el curso se puede optar por un siguiente curso de forma integra o parcial , en el que se trata de avanzar de nivel y que el alumno navegue de forma independiente. Hacemos cursos avanzados personalizados en los aspectos que el alumno necesite evolucionar.<\/p>\n<\/div>\n<\/div><\/div><\/div><\/div><div id=\"pgc-2268-0-1\"  class=\"panel-grid-cell\" ><div id=\"panel-2268-0-1-0\" class=\"so-panel widget widget_sow-image panel-first-child\" data-index=\"3\" ><div\n\t\t\t\n\t\t\tclass=\"so-widget-sow-image so-widget-sow-image-default-c67d20f9f743-2268\"\n\t\t\t\n\t\t>\n<div class=\"sow-image-container\">\n\t\t\t<a href=\"https:\/\/kanela.net\/en\/producto\/kitesurf-courses\/\"\n\t\t\t\t\t>\n\t\t\t<img \n\tsrc=\"https:\/\/i0.wp.com\/kanela.net\/wp-content\/uploads\/2021\/03\/Boton-Reserva-Onlinex-e1771404634722.png?fit=255%2C110&amp;ssl=1\" width=\"255\" height=\"110\" title=\"Boton Reserva Onlinex\" alt=\"Boton Reserva Onlinex\" \t\tclass=\"so-widget-image\"\/>\n\t\t\t<\/a><\/div>\n\n<\/div><\/div><div id=\"panel-2268-0-1-1\" class=\"so-panel widget widget_text\" data-index=\"4\" >\t\t\t<div class=\"textwidget\"><div class=\"page-box  page-box--block\">\n<a class=\"page-box__picture\" href=\"https:\/\/kanela.net\/wp-content\/uploads\/2020\/02\/Curso-kitesurf-en-isla-canela-2020.pdf\">\n<img loading=\"lazy\" decoding=\"async\" data-recalc-dims=\"1\" src=\"https:\/\/i0.wp.com\/kanela.net\/wp-content\/uploads\/2020\/02\/Curso-kitesurf-en-isla-canela-2020.jpg?resize=352%2C198&#038;ssl=1\" width=\"352\" height=\"198\" class=\"wp-post-image\" alt=\"Dossier Curso Kite Surf\"><\/a>\n\n<div class=\"page-box__content\">\n<h2 class=\"page-box__title\"><a href=\"https:\/\/kanela.net\/wp-content\/uploads\/2020\/02\/Curso-kitesurf-en-isla-canela-2020.pdf\">DOSSIER CURSO KITE SURF<\/a><\/h2>\n<p class=\"page-box__text\">\nDescarga nuestro dossier del curso de Kite Surf<\/p>\n<\/div>\n<\/div><\/div>\n\t\t<\/div><div id=\"panel-2268-0-1-2\" class=\"so-panel widget widget_sow-button\" data-index=\"5\" ><div\n\t\t\t\n\t\t\tclass=\"so-widget-sow-button so-widget-sow-button-flat-c3a4f0899bcb-2268\"\n\t\t\t\n\t\t><div class=\"ow-button-base ow-button-align-center\"\n>\n\t\t\t<a\n\t\t\t\t\thref=\"https:\/\/kanela.net\/wp-content\/uploads\/2026\/03\/A3-KITE-APUNTES.pdf\"\n\t\t\t\t\tclass=\"sowb-button ow-icon-placement-left ow-button-hover\" target=\"_blank\" rel=\"noopener noreferrer\" download=\"\" \t>\n\t\t<span>\n\t\t\t<span class=\"sow-icon-fontawesome sow-far\" data-sow-icon=\"&#xf1c1;\"\n\t\tstyle=\"\" \n\t\taria-hidden=\"true\"><\/span>\n\t\t\tAPUNTES KITESURF\t\t<\/span>\n\t\t\t<\/a>\n\t<\/div>\n<\/div><\/div><div id=\"panel-2268-0-1-3\" class=\"so-panel widget widget_sow-image\" data-index=\"6\" ><div\n\t\t\t\n\t\t\tclass=\"so-widget-sow-image so-widget-sow-image-default-8b5b6f678277-2268\"\n\t\t\t\n\t\t>\n<div class=\"sow-image-container\">\n\t\t<img \n\tsrc=\"https:\/\/i0.wp.com\/kanela.net\/wp-content\/uploads\/2017\/03\/curso-kite-surf-1.jpg?fit=300%2C300&amp;ssl=1\" width=\"300\" height=\"300\" srcset=\"https:\/\/i0.wp.com\/kanela.net\/wp-content\/uploads\/2017\/03\/curso-kite-surf-1.jpg?w=567&amp;ssl=1 567w, https:\/\/i0.wp.com\/kanela.net\/wp-content\/uploads\/2017\/03\/curso-kite-surf-1.jpg?resize=300%2C300&amp;ssl=1 300w, https:\/\/i0.wp.com\/kanela.net\/wp-content\/uploads\/2017\/03\/curso-kite-surf-1.jpg?resize=100%2C100&amp;ssl=1 100w, https:\/\/i0.wp.com\/kanela.net\/wp-content\/uploads\/2017\/03\/curso-kite-surf-1.jpg?resize=150%2C150&amp;ssl=1 150w, https:\/\/i0.wp.com\/kanela.net\/wp-content\/uploads\/2017\/03\/curso-kite-surf-1.jpg?resize=540%2C540&amp;ssl=1 540w\" alt=\"monitora y alumna en nuestro curso de kite surf\" \t\tclass=\"so-widget-image\"\/>\n\t<\/div>\n\n<\/div><\/div><div id=\"panel-2268-0-1-4\" class=\"so-panel widget widget_sow-image panel-last-child\" data-index=\"7\" ><div\n\t\t\t\n\t\t\tclass=\"so-widget-sow-image so-widget-sow-image-default-8b5b6f678277-2268\"\n\t\t\t\n\t\t>\n<div class=\"sow-image-container\">\n\t\t<img \n\tsrc=\"https:\/\/i0.wp.com\/kanela.net\/wp-content\/uploads\/2017\/03\/curso-kite-surf-3.jpg?fit=300%2C300&amp;ssl=1\" width=\"300\" height=\"300\" srcset=\"https:\/\/i0.wp.com\/kanela.net\/wp-content\/uploads\/2017\/03\/curso-kite-surf-3.jpg?w=567&amp;ssl=1 567w, https:\/\/i0.wp.com\/kanela.net\/wp-content\/uploads\/2017\/03\/curso-kite-surf-3.jpg?resize=300%2C300&amp;ssl=1 300w, https:\/\/i0.wp.com\/kanela.net\/wp-content\/uploads\/2017\/03\/curso-kite-surf-3.jpg?resize=100%2C100&amp;ssl=1 100w, https:\/\/i0.wp.com\/kanela.net\/wp-content\/uploads\/2017\/03\/curso-kite-surf-3.jpg?resize=150%2C150&amp;ssl=1 150w, https:\/\/i0.wp.com\/kanela.net\/wp-content\/uploads\/2017\/03\/curso-kite-surf-3.jpg?resize=540%2C540&amp;ssl=1 540w\" alt=\"nuestro monitor de kitesurf con sus alumnos\" \t\tclass=\"so-widget-image\"\/>\n\t<\/div>\n\n<\/div><\/div><\/div><\/div><div id=\"pg-2268-1\"  class=\"panel-grid panel-no-style\" ><div id=\"pgc-2268-1-0\"  class=\"panel-grid-cell\" ><div id=\"panel-2268-1-0-0\" class=\"so-panel widget widget_sow-features panel-first-child\" data-index=\"8\" ><div class=\"featured-widget panel-widget-style panel-widget-style-for-2268-1-0-0\" ><div\n\t\t\t\n\t\t\tclass=\"so-widget-sow-features so-widget-sow-features-default-9807d3b105e0-2268\"\n\t\t\t\n\t\t><ul\n\tclass=\"sow-features-list\n\tsow-features-responsive\">\n\n\t\t\t<li\n\t\t\tclass=\"sow-features-feature sow-icon-container-position-top\"\n\t\t\tstyle=\"display: flex; flex-direction: column; width: calc(33.333% - 25px);\"\n\t\t>\n\t\t\t\n\t\t\t\t\t\t<div\t\t\t\tclass=\"sow-icon-container sow-container-none\"\n\t\t\t\tstyle=\"color: ; \"\n\t\t\t\t\n\t\t\t\t\t\t\t>\n\t\t\t\t<span class=\"sow-icon-fontawesome sow-far\" data-sow-icon=\"&#xf089;\"\n\t\tstyle=\"font-size: 48px; color: #dd3333\" \n\t\taria-hidden=\"true\"><\/span>\t\t\t<\/div>\n\n\t\t\t<div class=\"textwidget\">\n\t\t\t\t\n\t\t\t\t\t\t\t\t\t<h5 class=\"sow-features-feature-title\">\n\t\t\t\t\t\tPRIMER NIVEL\t\t\t\t\t<\/h5>\n\t\t\t\t\n\t\t\t\t\t\t\t\t\t<div class=\"sow-features-feature-text\">\n\t\t\t\t\t<p>Es el manejo de cometas en tierra. En este nivel nos marcamos los objetivos que el alumno aprenda la ventana del viento, a levantar el kite con seguridad, se\u00f1ales b\u00e1sicas, aprender a preparar y recoger el equipo, activar los sistemas de seguridad.\u00a0 Se empieza progresivamente con cometas que van desde 1,5 metros hasta 5 metros.<\/p>\n\t\t\t\t\t<\/div>\n\t\t\t\t\t\t\t\t<\/div>\n\t\t\t\t\t\t\t\t<\/li>\n\n\t\t\t<li\n\t\t\tclass=\"sow-features-feature sow-icon-container-position-top\"\n\t\t\tstyle=\"display: flex; flex-direction: column; width: calc(33.333% - 25px);\"\n\t\t>\n\t\t\t\n\t\t\t\t\t\t<div\t\t\t\tclass=\"sow-icon-container sow-container-none\"\n\t\t\t\tstyle=\"color: ; \"\n\t\t\t\t\n\t\t\t\t\t\t\t>\n\t\t\t\t<span class=\"sow-icon-fontawesome sow-far\" data-sow-icon=\"&#xf005;\"\n\t\tstyle=\"font-size: 48px; color: #dd9933\" \n\t\taria-hidden=\"true\"><\/span>\t\t\t<\/div>\n\n\t\t\t<div class=\"textwidget\">\n\t\t\t\t\n\t\t\t\t\t\t\t\t\t<h5 class=\"sow-features-feature-title\">\n\t\t\t\t\t\tSEGUNDO NIVEL\t\t\t\t\t<\/h5>\n\t\t\t\t\n\t\t\t\t\t\t\t\t\t<div class=\"sow-features-feature-text\">\n\t\t\t\t\t<p>Manejo el kite en el agua pero sin tabla. Es lo que llamamos body drag. Es una de las partes m\u00e1s divertidas del curso ya que el alumno empieza a disfrutar de la potencia del kite de forma segura. En este nivel te preparamos que te resulte lo m\u00e1s f\u00e1cil posible la incorporaci\u00f3n con la tabla. Tambi\u00e9n empezamos a introducir manejo de cometas con m\u00e1s potencia,\u00a0 aprendes a manejar el kite cuando la ventana es din\u00e1mica,\u00a0 a recuperar la tabla cuando esta se cae, y a manejar el kite en el agua dejando una mano libre para manejar la tabla.<\/p>\n\t\t\t\t\t<\/div>\n\t\t\t\t\t\t\t\t<\/div>\n\t\t\t\t\t\t\t\t<\/li>\n\n\t\t\t<li\n\t\t\tclass=\"sow-features-feature sow-icon-container-position-top\"\n\t\t\tstyle=\"display: flex; flex-direction: column; width: calc(33.333% - 25px);\"\n\t\t>\n\t\t\t\n\t\t\t\t\t\t<div\t\t\t\tclass=\"sow-icon-container sow-container-none\"\n\t\t\t\tstyle=\"color: ; \"\n\t\t\t\t\n\t\t\t\t\t\t\t>\n\t\t\t\t<span class=\"sow-icon-fontawesome sow-far\" data-sow-icon=\"&#xf5c0;\"\n\t\tstyle=\"font-size: 48px; color: #eeee22\" \n\t\taria-hidden=\"true\"><\/span>\t\t\t<\/div>\n\n\t\t\t<div class=\"textwidget\">\n\t\t\t\t\n\t\t\t\t\t\t\t\t\t<h5 class=\"sow-features-feature-title\">\n\t\t\t\t\t\tTERCER NIVEL\t\t\t\t\t<\/h5>\n\t\t\t\t\n\t\t\t\t\t\t\t\t\t<div class=\"sow-features-feature-text\">\n\t\t\t\t\t<p>El objetivo es que el alumno salga navegando unos metros y sea capaz de practicar de forma aut\u00f3noma el kite surf. El grueso de este nivel es salir a navegar con la tabla. Para ello insistimos en la coordinaci\u00f3n de la posici\u00f3n del kite con la orientaci\u00f3n y posici\u00f3n de la tabla. Nos aseguramos que el alumno adquiere la suficiente destreza para relanzar el kite en caso de que se le caiga al agua y que sea capaz de recuperar la tabla en caso de que se la deje atr\u00e1s en un intento fallido. Tambi\u00e9n nos aseguramos que se adquiere el conocimiento para saber que medida de kite le hace falta seg\u00fan el peso del alumno y el viento existente.<\/p>\n\t\t\t\t\t<\/div>\n\t\t\t\t\t\t\t\t<\/div>\n\t\t\t\t\t\t\t\t<\/li>\n\n\t<\/ul>\n<\/div><\/div><\/div><div id=\"panel-2268-1-0-1\" class=\"so-panel widget widget_sow-editor panel-last-child\" data-index=\"9\" ><div\n\t\t\t\n\t\t\tclass=\"so-widget-sow-editor so-widget-sow-editor-base\"\n\t\t\t\n\t\t>\n<div class=\"siteorigin-widget-tinymce textwidget\">\n\t<h2>Videos<\/h2>\n<\/div>\n<\/div><\/div><\/div><\/div><div id=\"pg-2268-2\"  class=\"panel-grid panel-has-style\" ><div class=\"fila_video panel-row-style panel-row-style-for-2268-2\" ><div id=\"pgc-2268-2-0\"  class=\"panel-grid-cell\" ><div id=\"panel-2268-2-0-0\" class=\"so-panel widget widget_sow-editor panel-first-child panel-last-child\" data-index=\"10\" ><div class=\"video_res panel-widget-style panel-widget-style-for-2268-2-0-0\" ><div\n\t\t\t\n\t\t\tclass=\"so-widget-sow-editor so-widget-sow-editor-base\"\n\t\t\t\n\t\t>\n<div class=\"siteorigin-widget-tinymce textwidget\">\n\t<p><iframe loading=\"lazy\" width=\"320\" height=\"230\" src=\"https:\/\/www.youtube.com\/embed\/AqZh92AnISo\" frameborder=\"0\" allowfullscreen><\/iframe><\/p>\n<\/div>\n<\/div><\/div><\/div><\/div><div id=\"pgc-2268-2-1\"  class=\"panel-grid-cell\" ><div id=\"panel-2268-2-1-0\" class=\"so-panel widget widget_sow-editor panel-first-child panel-last-child\" data-index=\"11\" ><div class=\"video_res panel-widget-style panel-widget-style-for-2268-2-1-0\" ><div\n\t\t\t\n\t\t\tclass=\"so-widget-sow-editor so-widget-sow-editor-base\"\n\t\t\t\n\t\t>\n<div class=\"siteorigin-widget-tinymce textwidget\">\n\t<p><iframe loading=\"lazy\" width=\"320\" height=\"230\" src=\"https:\/\/www.youtube.com\/embed\/yL3vxJ67O74\" frameborder=\"0\" allowfullscreen><\/iframe><\/p>\n<\/div>\n<\/div><\/div><\/div><\/div><div id=\"pgc-2268-2-2\"  class=\"panel-grid-cell\" ><div id=\"panel-2268-2-2-0\" class=\"so-panel widget widget_sow-editor panel-first-child panel-last-child\" data-index=\"12\" ><div class=\"video_res panel-widget-style panel-widget-style-for-2268-2-2-0\" ><div\n\t\t\t\n\t\t\tclass=\"so-widget-sow-editor so-widget-sow-editor-base\"\n\t\t\t\n\t\t>\n<div class=\"siteorigin-widget-tinymce textwidget\">\n\t<p><iframe loading=\"lazy\" width=\"320\" height=\"230\" src=\"https:\/\/www.youtube.com\/embed\/8yAcc80ic4o\" frameborder=\"0\" allowfullscreen><\/iframe><\/p>\n<\/div>\n<\/div><\/div><\/div><\/div><\/div><\/div><\/div>","protected":false},"excerpt":{"rendered":"<p>Kite surf consist in moving on a small board with the help of a kite. Isla Canela could<br \/>\nbe the best place in Spain to learn and practise it&#8230;<\/p>\n","protected":false},"author":1,"featured_media":3637,"parent":2264,"menu_order":0,"comment_status":"closed","ping_status":"closed","template":"template-front-page-slider.php","meta":{"_acf_changed":false,"footnotes":""},"class_list":["post-2268","page","type-page","status-publish","has-post-thumbnail","hentry","clearfix"],"acf":[],"aioseo_notices":[],"jetpack_sharing_enabled":true,"_links":{"self":[{"href":"https:\/\/kanela.net\/en\/wp-json\/wp\/v2\/pages\/2268","targetHints":{"allow":["GET"]}}],"collection":[{"href":"https:\/\/kanela.net\/en\/wp-json\/wp\/v2\/pages"}],"about":[{"href":"https:\/\/kanela.net\/en\/wp-json\/wp\/v2\/types\/page"}],"author":[{"embeddable":true,"href":"https:\/\/kanela.net\/en\/wp-json\/wp\/v2\/users\/1"}],"replies":[{"embeddable":true,"href":"https:\/\/kanela.net\/en\/wp-json\/wp\/v2\/comments?post=2268"}],"version-history":[{"count":0,"href":"https:\/\/kanela.net\/en\/wp-json\/wp\/v2\/pages\/2268\/revisions"}],"up":[{"embeddable":true,"href":"https:\/\/kanela.net\/en\/wp-json\/wp\/v2\/pages\/2264"}],"wp:featuredmedia":[{"embeddable":true,"href":"https:\/\/kanela.net\/en\/wp-json\/wp\/v2\/media\/3637"}],"wp:attachment":[{"href":"https:\/\/kanela.net\/en\/wp-json\/wp\/v2\/media?parent=2268"}],"curies":[{"name":"wp","href":"https:\/\/api.w.org\/{rel}","templated":true}]}}