{"id":2267,"date":"2017-03-31T12:49:46","date_gmt":"2017-03-31T12:49:46","guid":{"rendered":"http:\/\/kanela.net\/cursos\/curso-de-paddle-surf\/"},"modified":"2026-02-08T08:27:24","modified_gmt":"2026-02-08T08:27:24","slug":"paddle-surf-course","status":"publish","type":"page","link":"https:\/\/kanela.net\/en\/cursos\/paddle-surf-course\/","title":{"rendered":"PADDLE SURF COURSES"},"content":{"rendered":"<div id=\"pl-2267\"  class=\"panel-layout\" ><div id=\"pg-2267-0\"  class=\"panel-grid panel-no-style\" ><div id=\"pgc-2267-0-0\"  class=\"panel-grid-cell\" ><div id=\"panel-2267-0-0-0\" class=\"so-panel widget widget_sow-editor panel-first-child\" data-index=\"0\" ><div class=\"featured-widget panel-widget-style panel-widget-style-for-2267-0-0-0\" ><div\n\t\t\t\n\t\t\tclass=\"so-widget-sow-editor so-widget-sow-editor-base\"\n\t\t\t\n\t\t><h3 class=\"widget-title\"><span class=\"widget-title__inline\">CURSO PADDLE SURF<\/span><\/h3>\n<div class=\"siteorigin-widget-tinymce textwidget\">\n\t<p>El paddle surf es un deporte en auge que consiste en desplazarse en una tabla de pie con ayuda de un remo. Aunque parece un concepto sencillo, resulta un deporte muy completo en el que se desarrolla todo el cuerpo y el equilibrio. Isla Canela y Punta del Moral son dos playas fant\u00e1sticas para practicarlo, generalmente no hay muchas olas, lo que resulta muy interesante para aprender. Para realizar traves\u00edas es un entorno precioso y, aparte de la costa con sus islas de arena, tambi\u00e9n se pueden realizar traves\u00edas por el R\u00edo Guadiana y por las marismas. Cuando hay condiciones de levante entran olas limpias y ordenadas en Punta del Moral para los m\u00e1s avanzados.<\/p>\n<p>El curso est\u00e1ndar tiene una duraci\u00f3n de 10 horas, repartidas en 5 sesiones de 2 horas. En condiciones normales los cursos se realizan de lunes a viernes y se recomienda realizarlo de forma seguida. No obstante nos adaptamos a las necesidades del cliente tanto para reducir la duraci\u00f3n como para extenderla. El \u00fanico requisito es tener m\u00e1s de 10 a\u00f1os y nadar con soltura. Durante el curso la escuela pondr\u00e1 todo el material: tabla, remo, y salvavidas. La marca elegida por nuestra escuela es principalmente Starboard, marca l\u00edder mundial con un material inmejorable. Lo realizamos tanto en Isla Canela como en Punta del Moral.<\/p>\n<\/div>\n<\/div><\/div><\/div><div id=\"panel-2267-0-0-1\" class=\"so-panel widget widget_sow-editor\" data-index=\"1\" ><div class=\"featured-widget panel-widget-style panel-widget-style-for-2267-0-0-1\" ><div\n\t\t\t\n\t\t\tclass=\"so-widget-sow-editor so-widget-sow-editor-base\"\n\t\t\t\n\t\t><h3 class=\"widget-title\"><span class=\"widget-title__inline\">DESARROLLO DEL CURSO<\/span><\/h3>\n<div class=\"siteorigin-widget-tinymce textwidget\">\n\t<p>El curso lo tenemos estructurado por pasos: teor\u00eda, manejo del remo, t\u00e9cnica de remada, posicionamiento en la tabla, normas de seguridad, giros y surf con ayuda del remo. En primer lugar se dar\u00e1 una explicaci\u00f3n te\u00f3rico-pr\u00e1ctica en tierra sobre todos los aspectos anteriores. Ense\u00f1amos estiramientos, calentamientos y respiraci\u00f3n antes de entrar al agua.<\/p>\n<p>El resto del curso lo pasamos en el agua practicando entrada y salida al agua con seguridad, equilibrio en el agua (estirado, sentado y de pie) primeras remadas y giros b\u00e1sicos. En todo momento se estar\u00e1 acompa\u00f1ado de un monitor, que se desplazar\u00e1 con los alumnos sobre otra tabla. En caso de coincidir con olas tambi\u00e9n te ense\u00f1aremos como cogerlas y surfear con ayuda del remo.<\/p>\n<p>El n\u00famero m\u00e1ximo de alumnos es de ocho por instructor. Tambi\u00e9n existe el servicio de clases particulares, para alumnos que precisen m\u00e1s atenci\u00f3n o que prefieran adquirir unas nociones b\u00e1sicas y posteriormente practicar por su cuenta.<\/p>\n<\/div>\n<\/div><\/div><\/div><div id=\"panel-2267-0-0-2\" class=\"so-panel widget widget_sow-editor panel-last-child\" data-index=\"2\" ><div class=\"featured-widget panel-widget-style panel-widget-style-for-2267-0-0-2\" ><div\n\t\t\t\n\t\t\tclass=\"so-widget-sow-editor so-widget-sow-editor-base\"\n\t\t\t\n\t\t><h3 class=\"widget-title\"><span class=\"widget-title__inline\">OBJETIVO<\/span><\/h3>\n<div class=\"siteorigin-widget-tinymce textwidget\">\n\t<p>El objetivo del curso es que el alumno navegue de forma adecuada por sus propios medios en todas las condiciones. Se tratar\u00e1 en todo momento de que el aprendizaje sea de forma divertida. Tras el curso el alumno debe tener la capacidad de navegar de forma aut\u00f3noma.<\/p>\n<\/div>\n<\/div><\/div><\/div><\/div><div id=\"pgc-2267-0-1\"  class=\"panel-grid-cell\" ><div id=\"panel-2267-0-1-0\" class=\"so-panel widget widget_sow-image panel-first-child\" data-index=\"3\" ><div\n\t\t\t\n\t\t\tclass=\"so-widget-sow-image so-widget-sow-image-default-c67d20f9f743-2267\"\n\t\t\t\n\t\t>\n<div class=\"sow-image-container\">\n\t\t\t<a href=\"https:\/\/kanela.net\/en\/producto\/paddle-surf-initiation-courses\/\"\n\t\t\t\t\t>\n\t\t\t<img \n\tsrc=\"https:\/\/i0.wp.com\/kanela.net\/wp-content\/uploads\/2021\/03\/Boton-Reserva-Onlinex-e1771404634722.png?fit=255%2C110&amp;ssl=1\" width=\"255\" height=\"110\" title=\"Boton Reserva Onlinex\" alt=\"Boton Reserva Onlinex\" \t\tclass=\"so-widget-image\"\/>\n\t\t\t<\/a><\/div>\n\n<\/div><\/div><div id=\"panel-2267-0-1-1\" class=\"so-panel widget widget_sow-button\" data-index=\"4\" ><div\n\t\t\t\n\t\t\tclass=\"so-widget-sow-button so-widget-sow-button-flat-dd9cbc467354-2267\"\n\t\t\t\n\t\t><div class=\"ow-button-base ow-button-align-center\"\n>\n\t\t\t<a\n\t\t\t\t\thref=\"https:\/\/kanela.net\/wp-content\/uploads\/2026\/03\/A5-PADDLE-SURF.pdf\"\n\t\t\t\t\tclass=\"sowb-button ow-icon-placement-left ow-button-hover\" target=\"_blank\" rel=\"noopener noreferrer\" download=\"\" \t>\n\t\t<span>\n\t\t\t<span class=\"sow-icon-fontawesome sow-far\" data-sow-icon=\"&#xf1c1;\"\n\t\tstyle=\"\" \n\t\taria-hidden=\"true\"><\/span>\n\t\t\tAPUNTES PADDLE SURF\t\t<\/span>\n\t\t\t<\/a>\n\t<\/div>\n<\/div><\/div><div id=\"panel-2267-0-1-2\" class=\"so-panel widget widget_sow-image\" data-index=\"5\" ><div\n\t\t\t\n\t\t\tclass=\"so-widget-sow-image so-widget-sow-image-default-8b5b6f678277-2267\"\n\t\t\t\n\t\t>\n<div class=\"sow-image-container\">\n\t\t<img \n\tsrc=\"https:\/\/i0.wp.com\/kanela.net\/wp-content\/uploads\/2017\/03\/curso-paddle-surf-1.jpg?fit=300%2C300&amp;ssl=1\" width=\"300\" height=\"300\" srcset=\"https:\/\/i0.wp.com\/kanela.net\/wp-content\/uploads\/2017\/03\/curso-paddle-surf-1.jpg?w=567&amp;ssl=1 567w, https:\/\/i0.wp.com\/kanela.net\/wp-content\/uploads\/2017\/03\/curso-paddle-surf-1.jpg?resize=300%2C300&amp;ssl=1 300w, https:\/\/i0.wp.com\/kanela.net\/wp-content\/uploads\/2017\/03\/curso-paddle-surf-1.jpg?resize=100%2C100&amp;ssl=1 100w, https:\/\/i0.wp.com\/kanela.net\/wp-content\/uploads\/2017\/03\/curso-paddle-surf-1.jpg?resize=150%2C150&amp;ssl=1 150w, https:\/\/i0.wp.com\/kanela.net\/wp-content\/uploads\/2017\/03\/curso-paddle-surf-1.jpg?resize=540%2C540&amp;ssl=1 540w\" alt=\"explicaci\u00f3n del monitor de paddle surf en actividad de la universidad de sevilla\" \t\tclass=\"so-widget-image\"\/>\n\t<\/div>\n\n<\/div><\/div><div id=\"panel-2267-0-1-3\" class=\"so-panel widget widget_sow-image\" data-index=\"6\" ><div\n\t\t\t\n\t\t\tclass=\"so-widget-sow-image so-widget-sow-image-default-8b5b6f678277-2267\"\n\t\t\t\n\t\t>\n<div class=\"sow-image-container\">\n\t\t<img \n\tsrc=\"https:\/\/i0.wp.com\/kanela.net\/wp-content\/uploads\/2017\/03\/curso-paddle-surf-2.jpg?fit=300%2C300&amp;ssl=1\" width=\"300\" height=\"300\" srcset=\"https:\/\/i0.wp.com\/kanela.net\/wp-content\/uploads\/2017\/03\/curso-paddle-surf-2.jpg?w=567&amp;ssl=1 567w, https:\/\/i0.wp.com\/kanela.net\/wp-content\/uploads\/2017\/03\/curso-paddle-surf-2.jpg?resize=300%2C300&amp;ssl=1 300w, https:\/\/i0.wp.com\/kanela.net\/wp-content\/uploads\/2017\/03\/curso-paddle-surf-2.jpg?resize=100%2C100&amp;ssl=1 100w, https:\/\/i0.wp.com\/kanela.net\/wp-content\/uploads\/2017\/03\/curso-paddle-surf-2.jpg?resize=150%2C150&amp;ssl=1 150w, https:\/\/i0.wp.com\/kanela.net\/wp-content\/uploads\/2017\/03\/curso-paddle-surf-2.jpg?resize=540%2C540&amp;ssl=1 540w\" alt=\"ni\u00f1a practicando Paddle surf en Isla canela y Punta del Moral. Huelva con Kanela Sailing School\" \t\tclass=\"so-widget-image\"\/>\n\t<\/div>\n\n<\/div><\/div><div id=\"panel-2267-0-1-4\" class=\"so-panel widget widget_sow-image\" data-index=\"7\" ><div\n\t\t\t\n\t\t\tclass=\"so-widget-sow-image so-widget-sow-image-default-8b5b6f678277-2267\"\n\t\t\t\n\t\t>\n<div class=\"sow-image-container\">\n\t\t<img \n\tsrc=\"https:\/\/i0.wp.com\/kanela.net\/wp-content\/uploads\/2017\/03\/curso-paddle-surf-3.jpg?fit=300%2C300&amp;ssl=1\" width=\"300\" height=\"300\" srcset=\"https:\/\/i0.wp.com\/kanela.net\/wp-content\/uploads\/2017\/03\/curso-paddle-surf-3.jpg?w=567&amp;ssl=1 567w, https:\/\/i0.wp.com\/kanela.net\/wp-content\/uploads\/2017\/03\/curso-paddle-surf-3.jpg?resize=300%2C300&amp;ssl=1 300w, https:\/\/i0.wp.com\/kanela.net\/wp-content\/uploads\/2017\/03\/curso-paddle-surf-3.jpg?resize=100%2C100&amp;ssl=1 100w, https:\/\/i0.wp.com\/kanela.net\/wp-content\/uploads\/2017\/03\/curso-paddle-surf-3.jpg?resize=150%2C150&amp;ssl=1 150w, https:\/\/i0.wp.com\/kanela.net\/wp-content\/uploads\/2017\/03\/curso-paddle-surf-3.jpg?resize=540%2C540&amp;ssl=1 540w\" alt=\"Monitor de Paddle surf en Isla canela . Huelva con Kanela Sailing School\" \t\tclass=\"so-widget-image\"\/>\n\t<\/div>\n\n<\/div><\/div><div id=\"panel-2267-0-1-5\" class=\"so-panel widget widget_text panel-last-child\" data-index=\"8\" >\t\t\t<div class=\"textwidget\"><div class=\"embed-responsive  embed-responsive-16by9\"><iframe title=\"Tutorial como remar en paddle surf o paddle sup. Kanela sailing school\" src=\"https:\/\/www.youtube.com\/embed\/hleCbM1PYSg?feature=oembed\" frameborder=\"0\" allow=\"accelerometer; autoplay; clipboard-write; encrypted-media; gyroscope; picture-in-picture; web-share\" referrerpolicy=\"strict-origin-when-cross-origin\" allowfullscreen><\/iframe><\/div>\n<p>&nbsp;<\/p>\n<\/div>\n\t\t<\/div><\/div><\/div><\/div>","protected":false},"excerpt":{"rendered":"<p>Paddle surf is a sport which its practice is rising. It consists in moving standing up on<br \/>\na board with the help of an oar&#8230;<\/p>\n","protected":false},"author":1,"featured_media":3285,"parent":2264,"menu_order":0,"comment_status":"closed","ping_status":"closed","template":"template-front-page-slider.php","meta":{"_acf_changed":false,"footnotes":""},"class_list":["post-2267","page","type-page","status-publish","has-post-thumbnail","hentry","clearfix"],"acf":[],"aioseo_notices":[],"jetpack_sharing_enabled":true,"_links":{"self":[{"href":"https:\/\/kanela.net\/en\/wp-json\/wp\/v2\/pages\/2267","targetHints":{"allow":["GET"]}}],"collection":[{"href":"https:\/\/kanela.net\/en\/wp-json\/wp\/v2\/pages"}],"about":[{"href":"https:\/\/kanela.net\/en\/wp-json\/wp\/v2\/types\/page"}],"author":[{"embeddable":true,"href":"https:\/\/kanela.net\/en\/wp-json\/wp\/v2\/users\/1"}],"replies":[{"embeddable":true,"href":"https:\/\/kanela.net\/en\/wp-json\/wp\/v2\/comments?post=2267"}],"version-history":[{"count":1,"href":"https:\/\/kanela.net\/en\/wp-json\/wp\/v2\/pages\/2267\/revisions"}],"predecessor-version":[{"id":8364,"href":"https:\/\/kanela.net\/en\/wp-json\/wp\/v2\/pages\/2267\/revisions\/8364"}],"up":[{"embeddable":true,"href":"https:\/\/kanela.net\/en\/wp-json\/wp\/v2\/pages\/2264"}],"wp:featuredmedia":[{"embeddable":true,"href":"https:\/\/kanela.net\/en\/wp-json\/wp\/v2\/media\/3285"}],"wp:attachment":[{"href":"https:\/\/kanela.net\/en\/wp-json\/wp\/v2\/media?parent=2267"}],"curies":[{"name":"wp","href":"https:\/\/api.w.org\/{rel}","templated":true}]}}