{"id":2266,"date":"2017-03-31T12:40:31","date_gmt":"2017-03-31T12:40:31","guid":{"rendered":"http:\/\/kanela.net\/cursos\/curso-catamaran-infantil\/"},"modified":"2020-01-23T12:41:22","modified_gmt":"2020-01-23T12:41:22","slug":"children-catamaran-initiation-course","status":"publish","type":"page","link":"https:\/\/kanela.net\/en\/cursos\/children-catamaran-initiation-course\/","title":{"rendered":"CHILDREN\u2019S CATAMARAN INITIATION COURSE"},"content":{"rendered":"<div id=\"pl-2266\"  class=\"panel-layout\" ><div id=\"pg-2266-0\"  class=\"panel-grid panel-no-style\" ><div id=\"pgc-2266-0-0\"  class=\"panel-grid-cell\" ><div id=\"panel-2266-0-0-0\" class=\"so-panel widget widget_sow-editor panel-first-child\" data-index=\"0\" ><div class=\"featured-widget panel-widget-style panel-widget-style-for-2266-0-0-0\" ><div\n\t\t\t\n\t\t\tclass=\"so-widget-sow-editor so-widget-sow-editor-base\"\n\t\t\t\n\t\t><h3 class=\"widget-title\"><span class=\"widget-title__inline\">CURSO INICIACI\u00d3N DE CATAMAR\u00c1N INFANTIL<\/span><\/h3>\n<div class=\"siteorigin-widget-tinymce textwidget\">\n\t<p>El catamar\u00e1n infantil es una embarcaci\u00f3n a vela que tiene dos cascos y una vela, y en este caso adaptado para ni\u00f1os: tiene una vela dise\u00f1ada para que no pueda volcar, presenta gran estabilidad, es muy maniobrable pero de forma suave y el tim\u00f3n resulta muy f\u00e1cil de manejar. Sin duda alguna es el mejor barco a vela para iniciarse. Isla Canela tiene playas magnificas para practicar esta modalidad, no tienen piedras, no suelen entrar olas y suele haber una brisa t\u00e9rmica constante toda la temporada del verano.<\/p>\n<p>El curso tiene una duraci\u00f3n de 10 horas, repartidas en 5 sesiones de 2 horas. En condiciones normales los cursos se realizan de lunes a viernes y se recomienda realizarlo de forma seguida. Pero nos adaptamos a las necesidades del cliente tanto para reducir la duraci\u00f3n como para extenderla. El \u00fanico requisito es tener m\u00e1s de 6 a\u00f1os y nadar con soltura. Durante el curso la escuela pondr\u00e1 todo el material: barcos y salvavidas.<\/p>\n<ul>\n<li>El barco elegido por nuestra escuela para los cursos es el Hobie Cat Catsy, un barco perfecto para aprender y disfrutar ya que no tiene botavara y es especialmente seguro.<\/li>\n<li>Utilizamos nuestras propias velas personalizadas gracias a VOP SAIL<\/li>\n<\/ul>\n<\/div>\n<\/div><\/div><\/div><div id=\"panel-2266-0-0-1\" class=\"so-panel widget widget_sow-editor\" data-index=\"1\" ><div class=\"featured-widget panel-widget-style panel-widget-style-for-2266-0-0-1\" ><div\n\t\t\t\n\t\t\tclass=\"so-widget-sow-editor so-widget-sow-editor-base\"\n\t\t\t\n\t\t><h3 class=\"widget-title\"><span class=\"widget-title__inline\">DESARROLLO DEL CURSO<\/span><\/h3>\n<div class=\"siteorigin-widget-tinymce textwidget\">\n\t<p>El curso lo tenemos estructurado por pasos: el primer d\u00eda se dar\u00e1 teor\u00eda de navegaci\u00f3n, montaje del barco, normas b\u00e1sicas de seguridad y manejo del material. La metodolog\u00eda es siempre mediante clases divertidas y amenas para captar la atenci\u00f3n del ni\u00f1o. El resto de d\u00edas el curso se realizar\u00e1 en el agua, acompa\u00f1ado en todo momento de un monitor, el cual se desplazar\u00e1 con los alumnos en una embarcaci\u00f3n de salvamento. Si el monitor lo cree necesario, ubicar\u00e1 tres alumnos por embarcaci\u00f3n, con el objetivo de dar sensaci\u00f3n de seguridad, hasta que el alumno se desenvuelva con soltura. El n\u00famero m\u00e1ximo de embarcaciones es de tres por embarcaci\u00f3n de apoyo. Tambi\u00e9n existe el servicio de clases particulares, para alumnos que precisen m\u00e1s atenci\u00f3n.<\/p>\n<\/div>\n<\/div><\/div><\/div><div id=\"panel-2266-0-0-2\" class=\"so-panel widget widget_sow-editor panel-last-child\" data-index=\"2\" ><div class=\"featured-widget panel-widget-style panel-widget-style-for-2266-0-0-2\" ><div\n\t\t\t\n\t\t\tclass=\"so-widget-sow-editor so-widget-sow-editor-base\"\n\t\t\t\n\t\t><h3 class=\"widget-title\"><span class=\"widget-title__inline\">OBJETIVO<\/span><\/h3>\n<div class=\"siteorigin-widget-tinymce textwidget\">\n\t<p>El objetivo del curso es que el alumno navegue de forma aut\u00f3noma con viento suave, que sea capaz de navegar en todos los rumbos, trasnluchar, virar y regresar al punto de partida El alumno deber\u00e1 saber percibir la direcci\u00f3n del viento y saber desenvolverse en \u00e9l. Se tratar\u00e1 en todo momento de que las clases sean din\u00e1micas y divertidas.<\/p>\n<\/div>\n<\/div><\/div><\/div><\/div><div id=\"pgc-2266-0-1\"  class=\"panel-grid-cell\" ><div id=\"panel-2266-0-1-0\" class=\"so-panel widget widget_sow-image panel-first-child\" data-index=\"3\" ><div\n\t\t\t\n\t\t\tclass=\"so-widget-sow-image so-widget-sow-image-default-c67d20f9f743-2266\"\n\t\t\t\n\t\t>\n<div class=\"sow-image-container\">\n\t\t\t<a href=\"https:\/\/kanela.net\/en\/producto\/childrens-catamaran-courses\/\"\n\t\t\t\t\t>\n\t\t\t<img \n\tsrc=\"https:\/\/i0.wp.com\/kanela.net\/wp-content\/uploads\/2021\/03\/Boton-Reserva-Onlinex-e1771404634722.png?fit=255%2C110&amp;ssl=1\" width=\"255\" height=\"110\" title=\"Boton Reserva Onlinex\" alt=\"Boton Reserva Onlinex\" \t\tclass=\"so-widget-image\"\/>\n\t\t\t<\/a><\/div>\n\n<\/div><\/div><div id=\"panel-2266-0-1-1\" class=\"so-panel widget widget_sow-button\" data-index=\"4\" ><div\n\t\t\t\n\t\t\tclass=\"so-widget-sow-button so-widget-sow-button-flat-dd9cbc467354-2266\"\n\t\t\t\n\t\t><div class=\"ow-button-base ow-button-align-center\"\n>\n\t\t\t<a\n\t\t\t\t\thref=\"https:\/\/kanela.net\/wp-content\/uploads\/2026\/03\/A2-CATAMARAN-APUNTES-25.pdf\"\n\t\t\t\t\tclass=\"sowb-button ow-icon-placement-left ow-button-hover\" target=\"_blank\" rel=\"noopener noreferrer\" download=\"\" \t>\n\t\t<span>\n\t\t\t<span class=\"sow-icon-fontawesome sow-far\" data-sow-icon=\"&#xf1c1;\"\n\t\tstyle=\"\" \n\t\taria-hidden=\"true\"><\/span>\n\t\t\tAPUNTES CATAMAR\u00c1N\t\t<\/span>\n\t\t\t<\/a>\n\t<\/div>\n<\/div><\/div><div id=\"panel-2266-0-1-2\" class=\"so-panel widget widget_sow-image\" data-index=\"5\" ><div\n\t\t\t\n\t\t\tclass=\"so-widget-sow-image so-widget-sow-image-default-8b5b6f678277-2266\"\n\t\t\t\n\t\t>\n<div class=\"sow-image-container\">\n\t\t<img \n\tsrc=\"https:\/\/i0.wp.com\/kanela.net\/wp-content\/uploads\/2017\/03\/curso-catamaran-infatil-1.jpg?fit=300%2C300&amp;ssl=1\" width=\"300\" height=\"300\" srcset=\"https:\/\/i0.wp.com\/kanela.net\/wp-content\/uploads\/2017\/03\/curso-catamaran-infatil-1.jpg?w=567&amp;ssl=1 567w, https:\/\/i0.wp.com\/kanela.net\/wp-content\/uploads\/2017\/03\/curso-catamaran-infatil-1.jpg?resize=300%2C300&amp;ssl=1 300w, https:\/\/i0.wp.com\/kanela.net\/wp-content\/uploads\/2017\/03\/curso-catamaran-infatil-1.jpg?resize=100%2C100&amp;ssl=1 100w, https:\/\/i0.wp.com\/kanela.net\/wp-content\/uploads\/2017\/03\/curso-catamaran-infatil-1.jpg?resize=150%2C150&amp;ssl=1 150w, https:\/\/i0.wp.com\/kanela.net\/wp-content\/uploads\/2017\/03\/curso-catamaran-infatil-1.jpg?resize=540%2C540&amp;ssl=1 540w\" alt=\"preparacion del Catamar\u00e1n infantil en Isla Canela , Huelva con Kanela Sailing School\" \t\tclass=\"so-widget-image\"\/>\n\t<\/div>\n\n<\/div><\/div><div id=\"panel-2266-0-1-3\" class=\"so-panel widget widget_sow-image\" data-index=\"6\" ><div\n\t\t\t\n\t\t\tclass=\"so-widget-sow-image so-widget-sow-image-default-8b5b6f678277-2266\"\n\t\t\t\n\t\t>\n<div class=\"sow-image-container\">\n\t\t<img \n\tsrc=\"https:\/\/i0.wp.com\/kanela.net\/wp-content\/uploads\/2017\/03\/curso-catamaran-infantil-2.jpg?fit=300%2C300&amp;ssl=1\" width=\"300\" height=\"300\" srcset=\"https:\/\/i0.wp.com\/kanela.net\/wp-content\/uploads\/2017\/03\/curso-catamaran-infantil-2.jpg?w=567&amp;ssl=1 567w, https:\/\/i0.wp.com\/kanela.net\/wp-content\/uploads\/2017\/03\/curso-catamaran-infantil-2.jpg?resize=300%2C300&amp;ssl=1 300w, https:\/\/i0.wp.com\/kanela.net\/wp-content\/uploads\/2017\/03\/curso-catamaran-infantil-2.jpg?resize=100%2C100&amp;ssl=1 100w, https:\/\/i0.wp.com\/kanela.net\/wp-content\/uploads\/2017\/03\/curso-catamaran-infantil-2.jpg?resize=150%2C150&amp;ssl=1 150w, https:\/\/i0.wp.com\/kanela.net\/wp-content\/uploads\/2017\/03\/curso-catamaran-infantil-2.jpg?resize=540%2C540&amp;ssl=1 540w\" alt=\"Edu y Diego en Punta del Moral , Huelva con Kanela Sailing School\" \t\tclass=\"so-widget-image\"\/>\n\t<\/div>\n\n<\/div><\/div><div id=\"panel-2266-0-1-4\" class=\"so-panel widget widget_sow-image panel-last-child\" data-index=\"7\" ><div\n\t\t\t\n\t\t\tclass=\"so-widget-sow-image so-widget-sow-image-default-8b5b6f678277-2266\"\n\t\t\t\n\t\t>\n<div class=\"sow-image-container\">\n\t\t<img \n\tsrc=\"https:\/\/i0.wp.com\/kanela.net\/wp-content\/uploads\/2017\/03\/curso-catamaran-infantil-3.jpg?fit=300%2C300&amp;ssl=1\" width=\"300\" height=\"300\" srcset=\"https:\/\/i0.wp.com\/kanela.net\/wp-content\/uploads\/2017\/03\/curso-catamaran-infantil-3.jpg?w=567&amp;ssl=1 567w, https:\/\/i0.wp.com\/kanela.net\/wp-content\/uploads\/2017\/03\/curso-catamaran-infantil-3.jpg?resize=300%2C300&amp;ssl=1 300w, https:\/\/i0.wp.com\/kanela.net\/wp-content\/uploads\/2017\/03\/curso-catamaran-infantil-3.jpg?resize=100%2C100&amp;ssl=1 100w, https:\/\/i0.wp.com\/kanela.net\/wp-content\/uploads\/2017\/03\/curso-catamaran-infantil-3.jpg?resize=150%2C150&amp;ssl=1 150w, https:\/\/i0.wp.com\/kanela.net\/wp-content\/uploads\/2017\/03\/curso-catamaran-infantil-3.jpg?resize=540%2C540&amp;ssl=1 540w\" alt=\"Alumnos de Catamar\u00e1n infantil en Punta del Moral , Huelva con Kanela Sailing School\" \t\tclass=\"so-widget-image\"\/>\n\t<\/div>\n\n<\/div><\/div><\/div><\/div><div id=\"pg-2266-1\"  class=\"panel-grid panel-no-style\" ><div id=\"pgc-2266-1-0\"  class=\"panel-grid-cell\" ><div id=\"panel-2266-1-0-0\" class=\"so-panel widget widget_sow-editor panel-first-child panel-last-child\" data-index=\"8\" ><div\n\t\t\t\n\t\t\tclass=\"so-widget-sow-editor so-widget-sow-editor-base\"\n\t\t\t\n\t\t>\n<div class=\"siteorigin-widget-tinymce textwidget\">\n\t<p><div class=\"embed-responsive  embed-responsive-16by9\"><iframe loading=\"lazy\" title=\"Tutorial de como salir en Catamar\u00e1n en Kanela Sailing School, Isla Canela\" width=\"1140\" height=\"641\" src=\"https:\/\/www.youtube.com\/embed\/Y3fjV7sDy_s?feature=oembed\" frameborder=\"0\" allow=\"accelerometer; autoplay; clipboard-write; encrypted-media; gyroscope; picture-in-picture; web-share\" referrerpolicy=\"strict-origin-when-cross-origin\" allowfullscreen><\/iframe><\/div>\n<\/p>\n<p>&nbsp;<\/p>\n<\/div>\n<\/div><\/div><\/div><div id=\"pgc-2266-1-1\"  class=\"panel-grid-cell\" ><div id=\"panel-2266-1-1-0\" class=\"so-panel widget widget_sow-editor panel-first-child panel-last-child\" data-index=\"9\" ><div\n\t\t\t\n\t\t\tclass=\"so-widget-sow-editor so-widget-sow-editor-base\"\n\t\t\t\n\t\t>\n<div class=\"siteorigin-widget-tinymce textwidget\">\n\t<div class=\"embed-responsive  embed-responsive-16by9\"><iframe loading=\"lazy\" title=\"Clases mini catamar\u00e1n Isla Canela y punta del Moral con Kanela Sailing School\" width=\"1140\" height=\"641\" src=\"https:\/\/www.youtube.com\/embed\/MnzT5cTb2Rw?feature=oembed\" frameborder=\"0\" allow=\"accelerometer; autoplay; clipboard-write; encrypted-media; gyroscope; picture-in-picture; web-share\" referrerpolicy=\"strict-origin-when-cross-origin\" allowfullscreen><\/iframe><\/div>\n<p>&nbsp;<\/p>\n<\/div>\n<\/div><\/div><\/div><div id=\"pgc-2266-1-2\"  class=\"panel-grid-cell\" ><div id=\"panel-2266-1-2-0\" class=\"so-panel widget widget_sow-editor panel-first-child panel-last-child\" data-index=\"10\" ><div\n\t\t\t\n\t\t\tclass=\"so-widget-sow-editor so-widget-sow-editor-base\"\n\t\t\t\n\t\t>\n<div class=\"siteorigin-widget-tinymce textwidget\">\n\t<div class=\"embed-responsive  embed-responsive-16by9\"><iframe loading=\"lazy\" title=\"Maniobra de rescate hombre al agua a vela, Tutorial. Kanela sailing school\" width=\"1140\" height=\"641\" src=\"https:\/\/www.youtube.com\/embed\/LX1DAYrgt2k?feature=oembed\" frameborder=\"0\" allow=\"accelerometer; autoplay; clipboard-write; encrypted-media; gyroscope; picture-in-picture; web-share\" referrerpolicy=\"strict-origin-when-cross-origin\" allowfullscreen><\/iframe><\/div>\n<p>&nbsp;<\/p>\n<\/div>\n<\/div><\/div><\/div><\/div><\/div>","protected":false},"excerpt":{"rendered":"<p>Children\u2019s catamaran is a light sailing boat which has two hull and a sail adapted to children, its sail<br \/>\nis designed to avoid the overturning&#8230;<\/p>\n","protected":false},"author":1,"featured_media":2451,"parent":2264,"menu_order":0,"comment_status":"closed","ping_status":"closed","template":"template-front-page-slider.php","meta":{"_acf_changed":false,"footnotes":""},"class_list":["post-2266","page","type-page","status-publish","has-post-thumbnail","hentry","clearfix"],"acf":[],"aioseo_notices":[],"jetpack_sharing_enabled":true,"_links":{"self":[{"href":"https:\/\/kanela.net\/en\/wp-json\/wp\/v2\/pages\/2266","targetHints":{"allow":["GET"]}}],"collection":[{"href":"https:\/\/kanela.net\/en\/wp-json\/wp\/v2\/pages"}],"about":[{"href":"https:\/\/kanela.net\/en\/wp-json\/wp\/v2\/types\/page"}],"author":[{"embeddable":true,"href":"https:\/\/kanela.net\/en\/wp-json\/wp\/v2\/users\/1"}],"replies":[{"embeddable":true,"href":"https:\/\/kanela.net\/en\/wp-json\/wp\/v2\/comments?post=2266"}],"version-history":[{"count":0,"href":"https:\/\/kanela.net\/en\/wp-json\/wp\/v2\/pages\/2266\/revisions"}],"up":[{"embeddable":true,"href":"https:\/\/kanela.net\/en\/wp-json\/wp\/v2\/pages\/2264"}],"wp:featuredmedia":[{"embeddable":true,"href":"https:\/\/kanela.net\/en\/wp-json\/wp\/v2\/media\/2451"}],"wp:attachment":[{"href":"https:\/\/kanela.net\/en\/wp-json\/wp\/v2\/media?parent=2266"}],"curies":[{"name":"wp","href":"https:\/\/api.w.org\/{rel}","templated":true}]}}