{"id":2265,"date":"2017-03-31T12:26:56","date_gmt":"2017-03-31T12:26:56","guid":{"rendered":"http:\/\/kanela.net\/cursos\/curso-catamaran\/"},"modified":"2026-02-08T08:27:15","modified_gmt":"2026-02-08T08:27:15","slug":"catamaran-course","status":"publish","type":"page","link":"https:\/\/kanela.net\/en\/cursos\/catamaran-course\/","title":{"rendered":"CATAMARAN COURSES"},"content":{"rendered":"<div id=\"pl-2265\"  class=\"panel-layout\" ><div id=\"pg-2265-0\"  class=\"panel-grid panel-no-style\" ><div id=\"pgc-2265-0-0\"  class=\"panel-grid-cell\" ><div id=\"panel-2265-0-0-0\" class=\"so-panel widget widget_sow-editor panel-first-child\" data-index=\"0\" ><div class=\"featured-widget panel-widget-style panel-widget-style-for-2265-0-0-0\" ><div\n\t\t\t\n\t\t\tclass=\"so-widget-sow-editor so-widget-sow-editor-base\"\n\t\t\t\n\t\t><h3 class=\"widget-title\"><span class=\"widget-title__inline\">CURSO INICIACI\u00d3N CATAMAR\u00c1N<\/span><\/h3>\n<div class=\"siteorigin-widget-tinymce textwidget\">\n\t<p>El catamar\u00e1n es una embarcaci\u00f3n a vela que tiene dos cascos. Esto permite usar una vela proporcionalmente m\u00e1s grande a la que usan los monocascos y nos permite poder ir m\u00e1s r\u00e1pido y estables. Tambi\u00e9n facilita la maniobra de llegar a tierra. Tanto Isla Canela como Punta del Moral, son dos playas magnificas para practicar esta modalidad, ya que no tienen piedras, no suelen entrar olas y suele haber una brisa t\u00e9rmica constante toda la temporada del verano. Adem\u00e1s el entorno, con las islas de arena, el R\u00edo Guadiana y Portugal tan pr\u00f3ximo hacen una navegaci\u00f3n interesante y divertida<\/p>\n<p>El curso tiene una duraci\u00f3n de 10 horas, repartidas en 5 sesiones de 2 horas. En condiciones normales los cursos se realizan de lunes a viernes y se recomienda realizarlo de forma seguida. No obstante nos adaptamos a las necesidades del cliente tanto para reducir la duraci\u00f3n como para extenderla. El \u00fanico requisito es tener m\u00e1s de 12 a\u00f1os y nadar con soltura. Durante el curso la escuela pondr\u00e1 todo el material: barcos y salvavidas. El barco elegido por nuestra escuela para los cursos es el Hobie Cat-15, un barco perfecto para aprender y disfrutar ya que no tiene botavara, es muy maniobrable y muy sencillo de desvolcar Tiene una capacidad de 3 personas El curso lo realizamos tanto en Isla Canela como en Punta del Moral.<\/p>\n<\/div>\n<\/div><\/div><\/div><div id=\"panel-2265-0-0-1\" class=\"so-panel widget widget_sow-editor\" data-index=\"1\" ><div class=\"featured-widget panel-widget-style panel-widget-style-for-2265-0-0-1\" ><div\n\t\t\t\n\t\t\tclass=\"so-widget-sow-editor so-widget-sow-editor-base\"\n\t\t\t\n\t\t><h3 class=\"widget-title\"><span class=\"widget-title__inline\">DESARROLLO DEL CURSO<\/span><\/h3>\n<div class=\"siteorigin-widget-tinymce textwidget\">\n\t<p>Lo tenemos estructurados por pasos: partes del barco, rumbos, maniobras, salir y entrar con el barco, recuperar hombre al agua, normas b\u00e1sicas de seguridad y desvolcar. Lo comenzamos en tierra con una teor\u00eda sobre todos los puntos anteriores y el resto del curso es completamente pr\u00e1ctico en el agua, navegando desde el primer d\u00eda. Tambi\u00e9n te ense\u00f1amos estiramientos, calentamientos antes de entrar al agua. En el catamar\u00e1n ir\u00e1n de uno a tres alumnos m\u00e1s el instructor, que impartir\u00e1 la clase desde el barco. El alumno aprender\u00e1 como desplazarse por el mar dependiendo solo del viento. Al final del curso se ense\u00f1a a desvolcar el barco para navegar de forma segura en cualquier condici\u00f3n . Tambi\u00e9n existe el servicio de clases particulares, para alumnos que precisen m\u00e1s atenci\u00f3n.<\/p>\n<\/div>\n<\/div><\/div><\/div><div id=\"panel-2265-0-0-2\" class=\"so-panel widget widget_sow-editor panel-last-child\" data-index=\"2\" ><div class=\"featured-widget panel-widget-style panel-widget-style-for-2265-0-0-2\" ><div\n\t\t\t\n\t\t\tclass=\"so-widget-sow-editor so-widget-sow-editor-base\"\n\t\t\t\n\t\t><h3 class=\"widget-title\"><span class=\"widget-title__inline\">OBJETIVO<\/span><\/h3>\n<div class=\"siteorigin-widget-tinymce textwidget\">\n\t<p>El objetivo del curso es que el alumno navegue de forma aut\u00f3noma con viento suave, que sea capaz de navegar en todos los rumbos, transluchar, virar, salir y entrar al mar, y regresar al punto de partida El alumno deber\u00e1 saber percibir la direcci\u00f3n del viento y saber desenvolverse en \u00e9l. Se tratar\u00e1 en todo momento de que las clases sean din\u00e1micas y divertidas.<\/p>\n<\/div>\n<\/div><\/div><\/div><\/div><div id=\"pgc-2265-0-1\"  class=\"panel-grid-cell\" ><div id=\"panel-2265-0-1-0\" class=\"so-panel widget widget_sow-image panel-first-child\" data-index=\"3\" ><div\n\t\t\t\n\t\t\tclass=\"so-widget-sow-image so-widget-sow-image-default-c67d20f9f743-2265\"\n\t\t\t\n\t\t>\n<div class=\"sow-image-container\">\n\t\t\t<a href=\"https:\/\/kanela.net\/en\/producto\/adult-catamaran-courses\/\"\n\t\t\t\t\t>\n\t\t\t<img \n\tsrc=\"https:\/\/i0.wp.com\/kanela.net\/wp-content\/uploads\/2021\/03\/Boton-Reserva-Onlinex-e1771404634722.png?fit=255%2C110&amp;ssl=1\" width=\"255\" height=\"110\" title=\"Boton Reserva Onlinex\" alt=\"Boton Reserva Onlinex\" \t\tclass=\"so-widget-image\"\/>\n\t\t\t<\/a><\/div>\n\n<\/div><\/div><div id=\"panel-2265-0-1-1\" class=\"so-panel widget widget_text\" data-index=\"4\" >\t\t\t<div class=\"textwidget\"><div class=\"page-box  page-box--block\">\n<a class=\"page-box__picture\" href=\"https:\/\/kanela.net\/wp-content\/uploads\/2020\/02\/Curso-de-catamara\u0301n-en-Isla-canela-2020.pdf\">\n<img loading=\"lazy\" decoding=\"async\" data-recalc-dims=\"1\" src=\"https:\/\/i0.wp.com\/kanela.net\/wp-content\/uploads\/2020\/02\/curso-de-catamaran-en-Isla-canela-2020.jpg?resize=352%2C198&#038;ssl=1\" width=\"352\" height=\"198\" class=\"wp-post-image\" alt=\"Dossier curso de catamar\u00e1n\"><\/a>\n\n<div class=\"page-box__content\">\n<h4 class=\"page-box__title\"><a href=\"https:\/\/kanela.net\/wp-content\/uploads\/2020\/02\/Curso-de-catamara\u0301n-en-Isla-canela-2020.pdf\">DOSSIER DE CURSO DE CATAMAR\u00c1N<\/a><\/h4>\n<p class=\"page-box__text\">\nDescarga nuestro dossier del curso de catamar\u00e1n<\/p>\n<\/div>\n<\/div><\/div>\n\t\t<\/div><div id=\"panel-2265-0-1-2\" class=\"so-panel widget widget_sow-button\" data-index=\"5\" ><div\n\t\t\t\n\t\t\tclass=\"so-widget-sow-button so-widget-sow-button-flat-dd9cbc467354-2265\"\n\t\t\t\n\t\t><div class=\"ow-button-base ow-button-align-center\"\n>\n\t\t\t<a\n\t\t\t\t\thref=\"https:\/\/kanela.net\/wp-content\/uploads\/2026\/03\/A2-CATAMARAN-APUNTES-25.pdf\"\n\t\t\t\t\tclass=\"sowb-button ow-icon-placement-left ow-button-hover\" target=\"_blank\" rel=\"noopener noreferrer\" download=\"\" \t>\n\t\t<span>\n\t\t\t<span class=\"sow-icon-fontawesome sow-far\" data-sow-icon=\"&#xf1c1;\"\n\t\tstyle=\"\" \n\t\taria-hidden=\"true\"><\/span>\n\t\t\tAPUNTES CATAMAR\u00c1N\t\t<\/span>\n\t\t\t<\/a>\n\t<\/div>\n<\/div><\/div><div id=\"panel-2265-0-1-3\" class=\"so-panel widget widget_sow-image\" data-index=\"6\" ><div\n\t\t\t\n\t\t\tclass=\"so-widget-sow-image so-widget-sow-image-default-8b5b6f678277-2265\"\n\t\t\t\n\t\t>\n<div class=\"sow-image-container\">\n\t\t<img \n\tsrc=\"https:\/\/i0.wp.com\/kanela.net\/wp-content\/uploads\/2017\/03\/curso-catamaran-2.jpg?fit=300%2C300&amp;ssl=1\" width=\"300\" height=\"300\" srcset=\"https:\/\/i0.wp.com\/kanela.net\/wp-content\/uploads\/2017\/03\/curso-catamaran-2.jpg?w=567&amp;ssl=1 567w, https:\/\/i0.wp.com\/kanela.net\/wp-content\/uploads\/2017\/03\/curso-catamaran-2.jpg?resize=300%2C300&amp;ssl=1 300w, https:\/\/i0.wp.com\/kanela.net\/wp-content\/uploads\/2017\/03\/curso-catamaran-2.jpg?resize=100%2C100&amp;ssl=1 100w, https:\/\/i0.wp.com\/kanela.net\/wp-content\/uploads\/2017\/03\/curso-catamaran-2.jpg?resize=150%2C150&amp;ssl=1 150w, https:\/\/i0.wp.com\/kanela.net\/wp-content\/uploads\/2017\/03\/curso-catamaran-2.jpg?resize=540%2C540&amp;ssl=1 540w\" alt=\"Nuetros alumnos del curso de catamar\u00e1n navegando en Huelva\" \t\tclass=\"so-widget-image\"\/>\n\t<\/div>\n\n<\/div><\/div><div id=\"panel-2265-0-1-4\" class=\"so-panel widget widget_sow-image panel-last-child\" data-index=\"7\" ><div\n\t\t\t\n\t\t\tclass=\"so-widget-sow-image so-widget-sow-image-default-8b5b6f678277-2265\"\n\t\t\t\n\t\t>\n<div class=\"sow-image-container\">\n\t\t<img \n\tsrc=\"https:\/\/i0.wp.com\/kanela.net\/wp-content\/uploads\/2017\/03\/curso-catamara-3.jpg?fit=300%2C300&amp;ssl=1\" width=\"300\" height=\"300\" srcset=\"https:\/\/i0.wp.com\/kanela.net\/wp-content\/uploads\/2017\/03\/curso-catamara-3.jpg?w=567&amp;ssl=1 567w, https:\/\/i0.wp.com\/kanela.net\/wp-content\/uploads\/2017\/03\/curso-catamara-3.jpg?resize=300%2C300&amp;ssl=1 300w, https:\/\/i0.wp.com\/kanela.net\/wp-content\/uploads\/2017\/03\/curso-catamara-3.jpg?resize=100%2C100&amp;ssl=1 100w, https:\/\/i0.wp.com\/kanela.net\/wp-content\/uploads\/2017\/03\/curso-catamara-3.jpg?resize=150%2C150&amp;ssl=1 150w, https:\/\/i0.wp.com\/kanela.net\/wp-content\/uploads\/2017\/03\/curso-catamara-3.jpg?resize=540%2C540&amp;ssl=1 540w\" alt=\"Nuestro catamaran navegando en la playas de Huelva durante uno de nuestros cursos\" \t\tclass=\"so-widget-image\"\/>\n\t<\/div>\n\n<\/div><\/div><\/div><\/div><div id=\"pg-2265-1\"  class=\"panel-grid panel-no-style\" ><div id=\"pgc-2265-1-0\"  class=\"panel-grid-cell\" ><div id=\"panel-2265-1-0-0\" class=\"so-panel widget widget_sow-editor panel-first-child panel-last-child\" data-index=\"8\" ><div class=\"video_res panel-widget-style panel-widget-style-for-2265-1-0-0\" ><div\n\t\t\t\n\t\t\tclass=\"so-widget-sow-editor so-widget-sow-editor-base\"\n\t\t\t\n\t\t>\n<div class=\"siteorigin-widget-tinymce textwidget\">\n\t<p><iframe loading=\"lazy\" src=\"https:\/\/www.youtube.com\/embed\/VDCaoTQ-04o\" width=\"320\" height=\"230\" frameborder=\"0\" allowfullscreen=\"allowfullscreen\"><\/iframe><\/p>\n<\/div>\n<\/div><\/div><\/div><\/div><div id=\"pgc-2265-1-1\"  class=\"panel-grid-cell\" ><div id=\"panel-2265-1-1-0\" class=\"so-panel widget widget_sow-editor panel-first-child panel-last-child\" data-index=\"9\" ><div class=\"video_res panel-widget-style panel-widget-style-for-2265-1-1-0\" ><div\n\t\t\t\n\t\t\tclass=\"so-widget-sow-editor so-widget-sow-editor-base\"\n\t\t\t\n\t\t>\n<div class=\"siteorigin-widget-tinymce textwidget\">\n\t<p><iframe loading=\"lazy\" width=\"320\" height=\"230\" src=\"https:\/\/www.youtube.com\/embed\/lCEVHNNGC7s\" frameborder=\"0\" allowfullscreen><\/iframe><\/p>\n<\/div>\n<\/div><\/div><\/div><\/div><div id=\"pgc-2265-1-2\"  class=\"panel-grid-cell\" ><div id=\"panel-2265-1-2-0\" class=\"so-panel widget widget_sow-editor panel-first-child panel-last-child\" data-index=\"10\" ><div class=\"video_res panel-widget-style panel-widget-style-for-2265-1-2-0\" ><div\n\t\t\t\n\t\t\tclass=\"so-widget-sow-editor so-widget-sow-editor-base\"\n\t\t\t\n\t\t>\n<div class=\"siteorigin-widget-tinymce textwidget\">\n\t<p><iframe loading=\"lazy\" width=\"320\" height=\"230\" src=\"https:\/\/www.youtube.com\/embed\/Y3fjV7sDy_s\" frameborder=\"0\" allow=\"accelerometer; autoplay; encrypted-media; gyroscope; picture-in-picture\" allowfullscreen><\/iframe><\/p>\n<\/div>\n<\/div><\/div><\/div><\/div><\/div><\/div>","protected":false},"excerpt":{"rendered":"<p>Catamaran is a light sailing boat which has two hull and a bigger sail than in monohull. This allows<br \/>\nto sail faster and more stable&#8230;<\/p>\n","protected":false},"author":1,"featured_media":3134,"parent":2264,"menu_order":0,"comment_status":"closed","ping_status":"closed","template":"template-front-page-slider.php","meta":{"_acf_changed":false,"footnotes":""},"class_list":["post-2265","page","type-page","status-publish","has-post-thumbnail","hentry","clearfix"],"acf":[],"aioseo_notices":[],"jetpack_sharing_enabled":true,"_links":{"self":[{"href":"https:\/\/kanela.net\/en\/wp-json\/wp\/v2\/pages\/2265","targetHints":{"allow":["GET"]}}],"collection":[{"href":"https:\/\/kanela.net\/en\/wp-json\/wp\/v2\/pages"}],"about":[{"href":"https:\/\/kanela.net\/en\/wp-json\/wp\/v2\/types\/page"}],"author":[{"embeddable":true,"href":"https:\/\/kanela.net\/en\/wp-json\/wp\/v2\/users\/1"}],"replies":[{"embeddable":true,"href":"https:\/\/kanela.net\/en\/wp-json\/wp\/v2\/comments?post=2265"}],"version-history":[{"count":1,"href":"https:\/\/kanela.net\/en\/wp-json\/wp\/v2\/pages\/2265\/revisions"}],"predecessor-version":[{"id":8363,"href":"https:\/\/kanela.net\/en\/wp-json\/wp\/v2\/pages\/2265\/revisions\/8363"}],"up":[{"embeddable":true,"href":"https:\/\/kanela.net\/en\/wp-json\/wp\/v2\/pages\/2264"}],"wp:featuredmedia":[{"embeddable":true,"href":"https:\/\/kanela.net\/en\/wp-json\/wp\/v2\/media\/3134"}],"wp:attachment":[{"href":"https:\/\/kanela.net\/en\/wp-json\/wp\/v2\/media?parent=2265"}],"curies":[{"name":"wp","href":"https:\/\/api.w.org\/{rel}","templated":true}]}}