{"id":2262,"date":"2017-04-03T13:05:03","date_gmt":"2017-04-03T13:05:03","guid":{"rendered":"http:\/\/kanela.net\/condiciones\/"},"modified":"2026-02-08T08:25:31","modified_gmt":"2026-02-08T08:25:31","slug":"conditions","status":"publish","type":"page","link":"https:\/\/kanela.net\/en\/conditions\/","title":{"rendered":"CONDITIONS"},"content":{"rendered":"<div id=\"pl-2262\"  class=\"panel-layout\" ><div id=\"pg-2262-0\"  class=\"panel-grid panel-no-style\" ><div id=\"pgc-2262-0-0\"  class=\"panel-grid-cell\" ><div id=\"panel-2262-0-0-0\" class=\"so-panel widget widget_sow-editor panel-first-child\" data-index=\"0\" ><div class=\"featured-widget panel-widget-style panel-widget-style-for-2262-0-0-0\" ><div\n\t\t\t\n\t\t\tclass=\"so-widget-sow-editor so-widget-sow-editor-base\"\n\t\t\t\n\t\t><h3 class=\"widget-title\"><span class=\"widget-title__inline\">TERMINOS Y CONDICIONES<\/span><\/h3>\n<div class=\"siteorigin-widget-tinymce textwidget\">\n\t<p><strong><b>RESERVA<\/b><\/strong><\/p>\n<p>En caso de querer realizar una reserva \u00a0puede hacerla a trav\u00e9s de nuestra <strong><b>web<\/b><\/strong> o person\u00e1ndose en una de nuestras <strong><b>oficinas<\/b><\/strong>.<\/p>\n<p>Para hacer la reserva v\u00eda <strong><b>web<\/b><\/strong> debe acceder a <a href=\"https:\/\/kanela.net\/reservas\/\">https:\/\/kanela.net\/reservas\/<\/a><\/p>\n<p><strong>Reserva:<\/strong>\u00a0\u2026desde su carrito use el cup\u00f3n \u201creserva\u201d y proceda a \u201cfinalizar compra\u201d, para abonar el 20% del total. El 80% restante lo podr\u00e1 pagar en nuestras sedes mediante efectivo o tarjeta, antes de la realizaci\u00f3n de sus actividades.<\/p>\n<p><strong>Pagar la totalidad:<\/strong>\u00a0\u2026desde su carrito proceda a \u201cfinalizar compra\u201d para pagar la totalidad de sus actividades.<\/p>\n<p>Si quiere una fecha y un horario concreto debe contactar previamente por tel\u00e9fono y consultar disponibilidad.<\/p>\n<p>Si desea reservar la actividad en una de nuestras oficinas en estas realizaremos su inscripci\u00f3n y deber\u00e1 abonar al menos el 20%<\/p>\n<p><strong><b>CONDICIONES DE CANCELACION\u00a0 <\/b><\/strong><\/p>\n<p><strong><b>CANCELACI\u00d3N POR PARTE DEL CLIENTE:<\/b><\/strong><\/p>\n<p>Con m\u00e1s de 15 d\u00edas de antelaci\u00f3n: coste 5%<\/p>\n<p>Entre 5 y 10 d\u00edas de antelaci\u00f3n: coste del 10 %<\/p>\n<p>Antes de 5 d\u00edas de antelaci\u00f3n: Coste del 20 %<\/p>\n<p>\u00danicamente se devolver\u00e1 el importe \u00edntegro por alg\u00fan problema f\u00edsico o accidental que\u00a0 provoque el impedimento para\u00a0 realizar la actividad, y debidamente justificado<\/p>\n<p><strong><b>CANCELACI\u00d3N POR PARTE DE LA ESCUELA<\/b><\/strong><\/p>\n<p>En caso de anular la actividad por condiciones climatol\u00f3gicas adversas o por alg\u00fan imprevisto sobre el material, se intentar\u00e1 buscar una nueva fecha alternativa.<\/p>\n<p>En caso de no encontrarse esta por una de las partes se devolver\u00e1 el importe integr\u00f3 de la parte de la actividad no realizada<\/p>\n<p><strong><b>CONDICIONES GENERALES<\/b><\/strong><\/p>\n<p>Las personas inscritas (o el tutor responsable en caso de menores de edad) declaran que se encuentra en buen estado de forma y salud, que conoce dicha actividad y los riesgos que conlleva realizarla, eximiendo de la total responsabilidad al Club de Vela Sotavento como entidad organizadora de las actividades as\u00ed como a Torrecantil. S.L. como propietaria del material.\u00a0 El centro se reserva todo el derecho a cancelar la actividad si considera que dicha persona no se encuentra con sus facultades \u00f3ptimas para realizarlo, como consecuencia de ello perder\u00eda el d\u00eda de la actividad. As\u00ed mismo se compromete a respetar y acatar las directrices de los monitores durante la actividad. As\u00ed mismo declara saber nadar.<\/p>\n<p>El Club de Vela Sotavento en cumplimiento de lo dispuesto en la Ley Org\u00e1nica 15\/1999, de 13 de diciembre, de protecci\u00f3n de Datos de Car\u00e1cter Personal, le informamos que los datos personales que nos cedan ser\u00e1n incluidos y tratados en nuestros ficheros propiedad del Club de Vela Sotavento, cuya finalidad es el mantenimiento y cumplimiento\u00a0 de la relaci\u00f3n con el Club de Vela Sotavento, as\u00ed como tambi\u00e9n el env\u00edo de comunicaciones y publicidad por cualquier v\u00eda ( electr\u00f3nica , postal, telef\u00f3nica ). Autorizo al Club de Vela Sotavento al env\u00edo del correo electr\u00f3nico a Tripadvisor con el fin de recibir un email solicitando aportar la opini\u00f3n sobre la experiencia.<\/p>\n<p>En cumplimiento con la LOPD puede ejercitar el derecho de acceso, rectificaci\u00f3n, oposici\u00f3n y cancelaci\u00f3n de sus datos ante el Club de Vela Sotavento, para lo cual deber\u00e1 hacernos llegar su solicitud a trav\u00e9s del correo <a href=\"mailto:kanela@kanela.net\">kanela@kanela.net<\/a>.<\/p>\n<p>Los participantes de las actividades na\u00faticas autorizan al Club de Vela Sotavento a la obtenci\u00f3n y publicaci\u00f3n de su imagen dentro del contexto de la actividad n\u00e1utica , tanto en formato impreso como digital e igualmente en la p\u00e1gina web y redes sociales de la marca comercial del Club denominada \"Kanela Sailing School\", siempre y cuando las im\u00e1genes no comporten intromisi\u00f3n ileg\u00edtima en la intimidad honor o reputaci\u00f3n o sea contraria a sus intereses.<\/p>\n<p>&nbsp;<\/p>\n<\/div>\n<\/div><\/div><\/div><div id=\"panel-2262-0-0-1\" class=\"so-panel widget widget_sow-editor\" data-index=\"1\" ><div class=\"featured-widget panel-widget-style panel-widget-style-for-2262-0-0-1\" ><div\n\t\t\t\n\t\t\tclass=\"so-widget-sow-editor so-widget-sow-editor-base\"\n\t\t\t\n\t\t><h3 class=\"widget-title\"><span class=\"widget-title__inline\">NORMAS PARA USUARIOS DE KANELA SAILING SCHOOL<\/span><\/h3>\n<div class=\"siteorigin-widget-tinymce textwidget\">\n\t<p><strong><b>TABACO.<\/b><\/strong> Seg\u00fan la Ley 42\/2010 sobre el consumo de tabaco queda prohibido fumar en las instalaciones deportivas.<\/p>\n<p><strong><b>PERROS. <\/b><\/strong>No est\u00e1 permitido la tenencia de perros en la playa, y por lo tanto en nuestras instalaciones tampoco.<\/p>\n<p>*Se exime de responsabilidad alguna al club por un uso indebido del material as\u00ed como en caso de cat\u00e1strofe medio ambiental tal como temporal, viento huracanado, inundaci\u00f3n, incendio...<\/p>\n<p>* El Club no se\u00a0 responsabilizar\u00e1 de cualquier robo o p\u00e9rdida de efectos personales producido en las instalaciones del Club.<\/p>\n<p>*El club no se responsabilizar\u00e1 en ning\u00fan caso de p\u00e9rdida o deterioro de efectos personales durante la realizaci\u00f3n de la actividad en el mar. Se recomienda no llevar ning\u00fan aparato electr\u00f3nico.<\/p>\n<p>*En el caso de alquiler de neum\u00e1tica o catamar\u00e1n, en el que se recomienda llevar el tel\u00e9fono m\u00f3vil por seguridad, el club indica llevar el m\u00f3vil en una funda estanca dentro de un saco estanco y no manipularlo en ning\u00fan caso que no sea una emergencia. El club solo se responsabilizar\u00e1 del tel\u00e9fono si es por defecto de las fundas estancas y si el uso est\u00e1 justificado con una emergencia.<\/p>\n<p>*El cliente acepta a abonar cualquier da\u00f1o causado al material e instalaciones del club y personal por negligencia propia.<\/p>\n<\/div>\n<\/div><\/div><\/div><div id=\"panel-2262-0-0-2\" class=\"so-panel widget widget_sow-editor\" data-index=\"2\" ><div class=\"featured-widget panel-widget-style panel-widget-style-for-2262-0-0-2\" ><div\n\t\t\t\n\t\t\tclass=\"so-widget-sow-editor so-widget-sow-editor-base\"\n\t\t\t\n\t\t><h3 class=\"widget-title\"><span class=\"widget-title__inline\">REQUISITOS PARA REALIZAR ACTIVIDADES NA\u00daTICAS<\/span><\/h3>\n<div class=\"siteorigin-widget-tinymce textwidget\">\n\t<p>*Saber nadar .<\/p>\n<p>*El uso de salvavidas es obligatorio en todo momento.<\/p>\n<p>*Estar en buen estado de forma y salud, conocer la actividad que van a realizar y los riesgos que conllevan, eximiendo de la total responsabilidad al Club como entidad organizadora de las actividades de los da\u00f1os causados por negligencia propia. El centro se reserva todo el derecho a anular la actividad si considera que alguna persona no se encuentra con sus facultades \u00f3ptimas para realizarla.<\/p>\n<p>*Respetar y acatar las directrices de los monitores durante la actividad y permanencia en las instalaciones.<\/p>\n<p>*Responsabilizarse de los da\u00f1os que pudieran causar a terceros, o sobre el propio material alquilado, por negligencia propia.<\/p>\n<p>*Respetar las normas b\u00e1sicas\u00a0 de navegaci\u00f3n como: navegar fuera de la zona de ba\u00f1istas o salir y entrar por la entrada y salida de embarcaciones de forma tranquila sin superar la velocidad de 3 nudos.<\/p>\n<\/div>\n<\/div><\/div><\/div><div id=\"panel-2262-0-0-3\" class=\"so-panel widget widget_sow-editor\" data-index=\"3\" ><div class=\"featured-widget panel-widget-style panel-widget-style-for-2262-0-0-3\" ><div\n\t\t\t\n\t\t\tclass=\"so-widget-sow-editor so-widget-sow-editor-base\"\n\t\t\t\n\t\t><h3 class=\"widget-title\"><span class=\"widget-title__inline\">ACTIVIDADES CONTRATADAS<\/span><\/h3>\n<div class=\"siteorigin-widget-tinymce textwidget\">\n\t<p><strong><b>HORARIO DE ACTIVIDADES<\/b><\/strong><\/p>\n<p>*En caso de retrasarse una actividad por parte del club (ya sea por retraso de clientes anteriores, por condiciones adversas, o por mantenimiento en el material), el tiempo contratado empezar\u00e1 a contar una vez est\u00e9 el material preparado y disponible.<\/p>\n<p>*En caso de estar el material y el instructor listo a la hora prevista se empezar\u00e1 a contar el tiempo de la actividad desde esta hora. Un retraso por parte del cliente no afectar\u00e1 a la hora de finalizaci\u00f3n prevista y el tiempo de retraso se da como v\u00e1lido. La actividad comienza con la preparaci\u00f3n del material y finaliza cuando los equipos quedan recogidos.<\/p>\n<p>*Tambi\u00e9n se dar\u00e1 por comenzada desde la hora que hemos quedado para el inicio ya que el instructor a esa hora ya estar\u00e1 cambiado y listo para la clase con el material preparado.<\/p>\n<p>&nbsp;<\/p>\n<p><strong><b>CONDICIONES PARA ACTIVIDADES CON INSTRUCTOR<\/b><\/strong><\/p>\n<p>*El uso de salvavidas es obligatorio en todo momento.<\/p>\n<p>*Se recomienda el uso de crema solar y licra.<\/p>\n<p>*La empresa pone a disposici\u00f3n de todos los usuarios botiqu\u00edn de primeros auxilios, en ning\u00fan caso se incluir\u00e1 la administraci\u00f3n por parte de nuestro personal de cualquier medicamento.<\/p>\n<p>*En caso necesario Kanela Sailing School facilitar\u00e1 el traslado ante cualquier emergencia al puesto de protecci\u00f3n civil.<\/p>\n<p>*Durante toda la actividad el servicio de rescate est\u00e1 incluido y garantizado.<\/p>\n<p>En caso de tratarse de un grupo el responsable firmante responder\u00e1 todos los t\u00e9rminos anteriormente expuestos sobre los miembros del grupo. El\u00a0 responsable del grupo , declara que las personas participantes se encuentran en buen estado de forma y salud, que conoce dicha actividad y los riesgos que conlleva realizarla, eximiendo de la total responsabilidad al Club de Vela Sotavento como entidad organizadora de las actividades as\u00ed como a Torrecantil. S.L. como propietaria del material.\u00a0 El centro se reserva todo el derecho a cancelar la actividad si considera que dicha persona, o parte del grupo, no se encuentra con sus facultades \u00f3ptimas para realizarlo, como consecuencia de ello perder\u00eda el d\u00eda de la actividad. As\u00ed mismo se compromete a respetar y acatar las directrices de los monitores durante la actividad. Declara que todos los participantes saben nadar, y que en caso de ser menores de edad cuentan con autorizaci\u00f3n escrita de sus padres o tutores para desarrollar dicha actividad.<\/p>\n<\/div>\n<\/div><\/div><\/div><div id=\"panel-2262-0-0-4\" class=\"so-panel widget widget_sow-editor\" data-index=\"4\" ><div class=\"featured-widget panel-widget-style panel-widget-style-for-2262-0-0-4\" ><div\n\t\t\t\n\t\t\tclass=\"so-widget-sow-editor so-widget-sow-editor-base\"\n\t\t\t\n\t\t><h3 class=\"widget-title\"><span class=\"widget-title__inline\">ALQUILER<\/span><\/h3>\n<div class=\"siteorigin-widget-tinymce textwidget\">\n\t<p><strong><b>ALQUILER Y BONOS DE MATERIAL SIN INSTRUCTOR <\/b><\/strong><\/p>\n<p>El arrendatario asegura que posee los conocimientos y la experiencia necesarias para la conducci\u00f3n de la embarcaci\u00f3n alquilada y que conoce \u00a0las normas de seguridad b\u00e1sicas de navegaci\u00f3n, que est\u00e1n a disposici\u00f3n del arrendador. En ning\u00fan caso podr\u00e1 cederse el gobierno de la embarcaci\u00f3n a persona distinta de la designada en el contrato. El ARRENDATARIO se obliga, \u00fanicamente, a transportar a bordo de la embarcaci\u00f3n arrendada el n\u00famero m\u00e1ximo autorizado de personas, las cuales deber\u00e1n permanecer en todo momento con el chaleco salvavidas En caso de reserva de material , se contabilizar\u00e1 el tiempo reservado desde la hora acordada , aunque no se use el material por cualquier motivo.<\/p>\n<p>* Los bonos de material no se pueden anular, mientras existan\u00a0 condiciones meteorol\u00f3gicas\u00a0 favorables para el uso del material, perdiendo el importe, en caso de no consumir las horas del alquiler en la temporada..<\/p>\n<p>* Es necesario realizar el abono\u00a0 completo del importe del\u00a0 bono antes de usar el material.<\/p>\n<p>* Los bonos de Material son por temporadas. En caso de no consumir todas las horas, estas se perder\u00edan al finalizar la temporada, no pudi\u00e9ndose reclamar ni devoluci\u00f3n de importe ni consumo de las horas no usadas en temporadas posteriores.<\/p>\n<p>*Se avisa a las personas que alquilen material n\u00e1utico que son responsables de los da\u00f1os que pudieran causar a\u00a0 terceros, o sobre el propio material alquilado, por negligencia propia. As\u00ed mismo deber\u00e1n respetar las normas b\u00e1sicas\u00a0 de navegaci\u00f3n (est\u00e1n a su disposici\u00f3n en la oficina) como: navegar fuera de la zona de ba\u00f1istas o salir y entrar por la entrada y salida de embarcaciones.<\/p>\n<p>*Se exime de forma expresa a la escuela de vela por un uso indebido del material alquilado.<\/p>\n<p>*El arrendatario se \u00a0compromete y acepta abonar cualquier da\u00f1o causado al material y personal por un uso indebido por negligencia propia.<\/p>\n<p>&nbsp;<\/p>\n<p><strong><b>ZONA DE NAVEGACION PARA ALQUILERES<\/b><\/strong><\/p>\n<p>* No alejarse en ning\u00fan caso 1,8 km. con catamar\u00e1n y neum\u00e1tica, 0,9 Km. Con windsurf, paddle surf\u00a0 kayak e hidropedal. Se deber\u00e1 permanecer siempre en contacto visual directo con la escuela, activ\u00e1ndose el sistema de rescate por negligencia propia en caso de sobrepasar esta distancia o desaparecer de contacto visual directo,\u00a0 corriendo con todos los gastos ocasionados el arrendador.<\/p>\n<p>&nbsp;<\/p>\n<p><strong><b>RESCATE PARA ALQUILERES<\/b><\/strong><\/p>\n<p>*El rescate por negligencia propia supondr\u00e1 un coste m\u00ednimo de 35 euros a\u00f1adi\u00e9ndose 1 euro\/minuto pasada la media hora.<\/p>\n<p>*El rescate por parte de la escuela se activar\u00e1 en los casos de:<strong><b>1<\/b><\/strong> Aviso de un familiar o amigo que se encuentre en tierra. <strong><b>2<\/b><\/strong> En caso de permanecer m\u00e1s de 15 minutos volcado. <strong><b>3<\/b><\/strong> Evidencia clara de desconocimiento en el manejo de la embarcaci\u00f3n. <strong><b>4<\/b><\/strong> pasados 15 minutos del tiempo previsto para la llegada. <strong><b>5<\/b><\/strong> Si se sale fuera de la zona de navegaci\u00f3n prevista para las distintas actividades. <strong><b>6<\/b><\/strong> Falta de viento prevista en el parte meteorol\u00f3gico.<\/p>\n<p>* El servicio de rescate de la escuela \u00fanicamente <strong><b>abarca 2 millas<\/b><\/strong> (3,6 km) en todas las direcciones, Pasada esta distancia se avisar\u00e1 en todos los casos a los servicios de emergencia y el cliente correr\u00e1 con todos los gastos ocasionados si es por negligencia propia.<\/p>\n<p>&nbsp;<\/p>\n<\/div>\n<\/div><\/div><\/div><div id=\"panel-2262-0-0-5\" class=\"so-panel widget widget_sow-editor\" data-index=\"5\" ><div class=\"featured-widget panel-widget-style panel-widget-style-for-2262-0-0-5\" ><div\n\t\t\t\n\t\t\tclass=\"so-widget-sow-editor so-widget-sow-editor-base\"\n\t\t\t\n\t\t><h3 class=\"widget-title\"><span class=\"widget-title__inline\">PARKING<\/span><\/h3>\n<div class=\"siteorigin-widget-tinymce textwidget\">\n\t<p><strong><b>NORMAS PARA USUARIOS DE MATERIAL EN PARKING<\/b><\/strong><\/p>\n<p>*Los clientes con material en parking aceptan las normas generales para usuarios de la escuela.<\/p>\n<p>* El servicio de parking es por temporada. En caso de no consumir todo el tiempo\u00a0 contratado, este se perder\u00edan al finalizar la temporada, no pudi\u00e9ndose reclamar ni devoluci\u00f3n de importe ni consumo del tiempo contratado en temporadas posteriores.<\/p>\n<p>*Se exime de responsabilidad alguna al club por un uso indebido del material.<\/p>\n<p>* El Club se responsabilizar\u00e1 de cualquier desperfecto o robo producido en las instalaciones del Club, durante el tiempo contratado, exceptuando peque\u00f1os objetos como harneses, bolsas de repuestos, neoprenos...<\/p>\n<p>* El club no se responsabilizar\u00e1 en caso de cat\u00e1strofe medio ambiental tal como temporal, viento huracanado, inundaci\u00f3n, incendio...<\/p>\n<p><strong><b>BAJADAS Y SUBIDAS DE EMBARCACIONES<\/b><\/strong><\/p>\n<p>* El horario para bajadas y subidas con el quad es de 10:00 a 14:00 y de 16:00 a 20:00. Fuera de este horario no se subir\u00e1n ni bajaran embarcaciones con el quad. No obstante el cliente podr\u00e1 usar el carro de varada\u00a0 sin el quad dentro y fuera de este horario.<\/p>\n<p>*El servicio habitual del quad\u00a0 incluye 1 solo\u00a0 monitor debiendo el cliente ayudar a subir y bajar la embarcaci\u00f3n del carro.<\/p>\n<p>* Existe un servicio de bajada por encargo cuyo coste es de 10 euros\/trayecto + 5 euros por arbolado (10 si es muy complejo). Es por encargo con al menos dos horas de antelaci\u00f3n.<\/p>\n<p>* En caso de estar el servicio saturado, tendr\u00e1n preferencia los cursos y alquileres de la escuela. Se recomienda elegir horario fuera de las horas punta.<\/p>\n<\/div>\n<\/div><\/div><\/div><div id=\"panel-2262-0-0-6\" class=\"so-panel widget widget_sow-editor\" data-index=\"6\" ><div class=\"featured-widget panel-widget-style panel-widget-style-for-2262-0-0-6\" ><div\n\t\t\t\n\t\t\tclass=\"so-widget-sow-editor so-widget-sow-editor-base\"\n\t\t\t\n\t\t><h3 class=\"widget-title\"><span class=\"widget-title__inline\">RESCATE<\/span><\/h3>\n<div class=\"siteorigin-widget-tinymce textwidget\">\n\t<p>*Las condiciones de activaci\u00f3n y coste son las mismas que las de clientes en alquiler.<\/p>\n<p>* El propietario del material debe avisar al Club en caso de no volver a las instalaciones tras la navegaci\u00f3n, debiendo tomar las precauciones tal como: aviso expreso en caso de hacer una navegaci\u00f3n larga e informar de las intenciones, tener prevista a alguna persona que est\u00e9 pendiente de la hora estipulada de regreso, o llevar dispositivo m\u00f3vil con protecci\u00f3n contra el agua para poder avisar. El Club se exime de responsabilidad alguna durante la navegaci\u00f3n de los clientes en servicio de parking, eximiendo de cualquier responsabilidad al club en caso de producirse alguna incidencia durante la navegaci\u00f3n. <strong><b>EL CLUB NO OFRECE SERVICIO DE VIGILANCIA DURANTE LA NAVEGACI\u00d3N<\/b><\/strong>.<\/p>\n<p>*En caso de no llegar a la hora prevista\u00a0 la embarcaci\u00f3n o pasadas las 20:00 sin tener contacto telef\u00f3nico debe tener previsto en su ficha como debe actuar la escuela. En caso de no tener indicaciones de c\u00f3mo actuar se da por hecho que <strong><b>no<\/b><\/strong> se desea que se le busque para ser rescatado.<\/p>\n<\/div>\n<\/div><\/div><\/div><div id=\"panel-2262-0-0-7\" class=\"so-panel widget widget_sow-editor\" data-index=\"7\" ><div class=\"featured-widget panel-widget-style panel-widget-style-for-2262-0-0-7\" ><div\n\t\t\t\n\t\t\tclass=\"so-widget-sow-editor so-widget-sow-editor-base\"\n\t\t\t\n\t\t><h3 class=\"widget-title\"><span class=\"widget-title__inline\">DESCUENTOS<\/span><\/h3>\n<div class=\"siteorigin-widget-tinymce textwidget\">\n\t<p>&nbsp;<\/p>\n<p>*De los tipos de descuento, solo se le aplicar\u00e1 el que m\u00e1s se favorezca.<\/p>\n<p>* Solo se sumaran los descuentos por reservas con antelaci\u00f3n y por n\u00famero de cursos en la misma temporada\u00a0\u00a0\u00a0\u00a0\u00a0\u00a0\u00a0\u00a0 .<\/p>\n<p>* Para aplicar un descuento se debe realizar el curso completo, perdi\u00e9ndose (el descuento) en caso de una devoluci\u00f3n por no terminar el curso.<\/p>\n<p>&nbsp;<\/p>\n<\/div>\n<\/div><\/div><\/div><div id=\"panel-2262-0-0-8\" class=\"so-panel widget widget_sow-editor\" data-index=\"8\" ><div class=\"featured-widget panel-widget-style panel-widget-style-for-2262-0-0-8\" ><div\n\t\t\t\n\t\t\tclass=\"so-widget-sow-editor so-widget-sow-editor-base\"\n\t\t\t\n\t\t><h3 class=\"widget-title\"><span class=\"widget-title__inline\">MEDIDAS COVID 19<\/span><\/h3>\n<div class=\"siteorigin-widget-tinymce textwidget\">\n\t<p>La escuela posee un Manual de buenas pr\u00e1cticas disponible en <a href=\"https:\/\/kanela.net\/2020\/06\/09\/guia-de-buenas-practicas-kanela-sailing-school-covid19\/\">https:\/\/kanela.net\/2020\/06\/09\/guia-de-buenas-practicas-kanela-sailing-school-covid19\/<\/a>. Se recomienda a todos los usuarios que deben de conocerlos \u00a0antes de realizar cualquier tipo de actividad.<\/p>\n<p>La escuela posee un PLAN ESPECIFICO PARA LAS MEDIDAS PARA LA REDUCCION DEL CONTAGIO POR EL CORONAVIRUS ,SARS-CoV-2 en las Instalaciones de Kanela Sailing School a disposici\u00f3n de todos los usuarios. Este estar\u00e1 a disposici\u00f3n de todos los usuarios en las oficinas de la instalaci\u00f3n.<\/p>\n<p>&nbsp;<\/p>\n<\/div>\n<\/div><\/div><\/div><div id=\"panel-2262-0-0-9\" class=\"so-panel widget widget_sow-editor panel-last-child\" data-index=\"9\" ><div class=\"featured-widget panel-widget-style panel-widget-style-for-2262-0-0-9\" ><div\n\t\t\t\n\t\t\tclass=\"so-widget-sow-editor so-widget-sow-editor-base\"\n\t\t\t\n\t\t><h3 class=\"widget-title\"><span class=\"widget-title__inline\">NUESTROS DATOS<\/span><\/h3>\n<div class=\"siteorigin-widget-tinymce textwidget\">\n\t<ul>\n<li>Direcci\u00f3n: C\/ San Eloy, 26S. C.P.: 41001, Sevilla<\/li>\n<li>Email: Kanela@kanela.net<\/li>\n<li>Tel\u00e9fono: 673418222<\/li>\n<li>NIF: G91211565<\/li>\n<\/ul>\n<p>&nbsp;<\/p>\n<\/div>\n<\/div><\/div><\/div><\/div><\/div><\/div>","protected":false},"excerpt":{"rendered":"<p>RESERVA En caso de querer realizar una reserva \u00a0puede hacerla a trav\u00e9s de nuestra web o person\u00e1ndose en una de nuestras oficinas. Para hacer la reserva v\u00eda web debe acceder a https:\/\/kanela.net\/reservas\/ Reserva:\u00a0\u2026desde su carrito use el cup\u00f3n \u201creserva\u201d y proceda a \u201cfinalizar compra\u201d, para abonar el 20% del total. El 80% restante lo podr\u00e1 &hellip;<\/p>\n","protected":false},"author":1,"featured_media":0,"parent":0,"menu_order":0,"comment_status":"closed","ping_status":"closed","template":"template-front-page-slider.php","meta":{"_acf_changed":false,"footnotes":""},"class_list":["post-2262","page","type-page","status-publish","hentry","clearfix"],"acf":[],"aioseo_notices":[],"jetpack_sharing_enabled":true,"_links":{"self":[{"href":"https:\/\/kanela.net\/en\/wp-json\/wp\/v2\/pages\/2262","targetHints":{"allow":["GET"]}}],"collection":[{"href":"https:\/\/kanela.net\/en\/wp-json\/wp\/v2\/pages"}],"about":[{"href":"https:\/\/kanela.net\/en\/wp-json\/wp\/v2\/types\/page"}],"author":[{"embeddable":true,"href":"https:\/\/kanela.net\/en\/wp-json\/wp\/v2\/users\/1"}],"replies":[{"embeddable":true,"href":"https:\/\/kanela.net\/en\/wp-json\/wp\/v2\/comments?post=2262"}],"version-history":[{"count":1,"href":"https:\/\/kanela.net\/en\/wp-json\/wp\/v2\/pages\/2262\/revisions"}],"predecessor-version":[{"id":8359,"href":"https:\/\/kanela.net\/en\/wp-json\/wp\/v2\/pages\/2262\/revisions\/8359"}],"wp:attachment":[{"href":"https:\/\/kanela.net\/en\/wp-json\/wp\/v2\/media?parent=2262"}],"curies":[{"name":"wp","href":"https:\/\/api.w.org\/{rel}","templated":true}]}}